{"id":872,"date":"2019-04-18T14:14:08","date_gmt":"2019-04-18T12:14:08","guid":{"rendered":"http:\/\/urbanistes.be\/fup\/?page_id=872"},"modified":"2019-05-02T15:35:38","modified_gmt":"2019-05-02T13:35:38","slug":"programm","status":"publish","type":"page","link":"https:\/\/urbanistes.be\/fup\/programm\/","title":{"rendered":"Program"},"content":{"rendered":"<a href=\"https:\/\/urbanistes.be\/fup\/wp-content\/uploads\/2019\/04\/Flyer_EN.pdf\" class=\"pdfemb-viewer\" style=\"\" data-width=\"max\" data-height=\"max\"  data-toolbar=\"bottom\" data-toolbar-fixed=\"off\">Flyer_EN<br\/><\/a>\n<h1 style=\"text-align: center;\">Towards Friendly Cities \u2013 For a better attractiveness<\/h1>\n<h2 style=\"text-align: center;\"><a href=\"http:\/\/urbanistes.be\/fup\/programme\/\">FR<\/a> &#8211; <a href=\"http:\/\/urbanistes.be\/fup\/programma\/\">NL<\/a><\/h2>\n<p>Don&rsquo;t miss the FORUM that FOR URBAN PASSION is organising on Wednesday May 15th at BOZAR. It&rsquo;s in a few weeks, so it&rsquo; s time to register. We have prepared a programme that will interest you, based on a topic that has not been covered significantly before: the emotional city, or the friendly city to say it in a positive way. Discover the detailed agenda now by <a href=\"https:\/\/www.bozar.be\/en\/activities\/155300-towards-friendly-cities\">clicking here<\/a>.<\/p>\n<p>This year we will have exceptional speakers, about twenty of whom will be four \u00ab\u00a0Great Witnesses\u00a0\u00bb. In addition to their lively and interactive presentations, you will participate in discussions in five workshops.<br \/>\nTheir themes are:<br \/>\n1. Emotional and safe space.<br \/>\n2. Peaceful street.<br \/>\n3. City and countryside reconciled.<br \/>\n4. Flexible and open city.<br \/>\n5. Dig your areas!<\/p>\n<p>This major event brings together players from the private and public sectors in a forward-looking dialogue, focused on the future of areas and concrete solutions to achieve it.<\/p>\n<h1 style=\"text-align: center;\"><a href=\"https:\/\/brussel.iticketsro.com\/Bozar\/fr-FR\/events\/towards%20friendly%20cities\/2019-5-15_9.00\/ter%20arken?back=2&amp;area=5ca28156-c104-440c-b99a-d8988f91316d&amp;type=ga&amp;culture=en-US&amp;_ga=2.22259832.250195723.1556026373-650301034.1556026373\">Register now!<\/a><\/h1>\n<h3 style=\"text-align: center;\">Well-known speakers<\/h3>\n<p><em><strong>Major Witnesses<\/strong><\/em><\/p>\n<table style=\"height: 100%;\" width=\"100%\">\n<tbody>\n<tr>\n<td width=\"200\"><img loading=\"lazy\" class=\"alignnone size-full wp-image-822\" src=\"http:\/\/urbanistes.be\/fup\/wp-content\/uploads\/2019\/04\/01-e1555576680608.jpg\" alt=\"\" width=\"200\" height=\"200\" srcset=\"https:\/\/urbanistes.be\/fup\/wp-content\/uploads\/2019\/04\/01-e1555576680608.jpg 266w, https:\/\/urbanistes.be\/fup\/wp-content\/uploads\/2019\/04\/01-e1555576680608-100x100.jpg 100w\" sizes=\"(max-width: 200px) 100vw, 200px\" \/><\/td>\n<td width=\"200\"><img loading=\"lazy\" class=\"alignnone size-full wp-image-819\" src=\"http:\/\/urbanistes.be\/fup\/wp-content\/uploads\/2019\/04\/02-e1555576726717.jpg\" alt=\"\" width=\"200\" height=\"200\" \/><\/td>\n<td width=\"200\"><img loading=\"lazy\" class=\"alignnone size-full wp-image-820\" src=\"http:\/\/urbanistes.be\/fup\/wp-content\/uploads\/2019\/04\/03-e1555576770190.jpg\" alt=\"\" width=\"200\" height=\"200\" srcset=\"https:\/\/urbanistes.be\/fup\/wp-content\/uploads\/2019\/04\/03-e1555576770190.jpg 304w, https:\/\/urbanistes.be\/fup\/wp-content\/uploads\/2019\/04\/03-e1555576770190-300x300.jpg 300w, https:\/\/urbanistes.be\/fup\/wp-content\/uploads\/2019\/04\/03-e1555576770190-100x100.jpg 100w\" sizes=\"(max-width: 200px) 100vw, 200px\" \/><\/td>\n<td width=\"200\"><img loading=\"lazy\" class=\"alignnone size-full wp-image-821\" src=\"http:\/\/urbanistes.be\/fup\/wp-content\/uploads\/2019\/04\/04-e1555576831860.jpg\" alt=\"\" width=\"200\" height=\"200\" srcset=\"https:\/\/urbanistes.be\/fup\/wp-content\/uploads\/2019\/04\/04-e1555576831860.jpg 335w, https:\/\/urbanistes.be\/fup\/wp-content\/uploads\/2019\/04\/04-e1555576831860-300x300.jpg 300w, https:\/\/urbanistes.be\/fup\/wp-content\/uploads\/2019\/04\/04-e1555576831860-100x100.jpg 100w\" sizes=\"(max-width: 200px) 100vw, 200px\" \/><\/td>\n<\/tr>\n<tr>\n<td style=\"text-align: center;\"><strong>Nicolas Gilsoul<\/strong><\/td>\n<td style=\"text-align: center;\"><strong>Andreas Kr\u00fcger<\/strong><\/td>\n<td style=\"text-align: center;\"><strong>R\u00e9gine Charvet-Pello<\/strong><\/td>\n<td style=\"text-align: center;\"><strong>Josep Bohigas<\/strong><\/td>\n<\/tr>\n<tr>\n<td>a \u00e9crit \u00ab D\u00e9sir de villes \u00bb avec Erik Orsenna chez Robert Laffont en 2018.<br \/>\nIl est architecte, paysagiste<br \/>\net auteur de projets r\u00e9introduisant le Vivant.<\/td>\n<td>Director at Steuerberater<br \/>\nB\u00fcro in Berlin.<br \/>\nHe will explain some approaches towards spatial strategies for unusal people and places.<\/td>\n<td>Designer et architecte.<br \/>\nDepuis 30 ans, elle met son exp\u00e9rience sensible au service des villes, et propose des solutions cr\u00e9atives et centr\u00e9es sur l\u2019homme et<br \/>\nson intelligence sensorielle.<\/td>\n<td>CEO of the Barcelona Regional.<br \/>\nThis public institution is<br \/>\ndedicated to strategic,<br \/>\nurban and infrastructural planning. \u201cFearless Cities\u201d will be the focus of his intervention.<\/td>\n<\/tr>\n<\/tbody>\n<\/table>\n<p><em><strong><br \/>\nOther speakers<\/strong><\/em><\/p>\n<table style=\"height: 100%;\" width=\"100%\">\n<tbody>\n<tr>\n<td width=\"200\"><img loading=\"lazy\" class=\"alignnone size-full wp-image-830\" src=\"http:\/\/urbanistes.be\/fup\/wp-content\/uploads\/2019\/04\/int01-e1555581224708.png\" alt=\"\" width=\"200\" height=\"200\" \/><\/td>\n<td width=\"200\"><img loading=\"lazy\" class=\"alignnone size-full wp-image-831\" src=\"http:\/\/urbanistes.be\/fup\/wp-content\/uploads\/2019\/04\/int02-e1555581270149.png\" alt=\"\" width=\"200\" height=\"200\" \/><\/td>\n<td width=\"200\"><img loading=\"lazy\" class=\"alignnone size-full wp-image-832\" src=\"http:\/\/urbanistes.be\/fup\/wp-content\/uploads\/2019\/04\/int03-e1555581309741.jpg\" alt=\"\" width=\"200\" height=\"200\" \/><\/td>\n<td width=\"200\"><img loading=\"lazy\" class=\"alignnone size-full wp-image-852\" src=\"http:\/\/urbanistes.be\/fup\/wp-content\/uploads\/2019\/04\/10.jpg\" alt=\"\" width=\"200\" height=\"200\" \/><\/td>\n<\/tr>\n<tr>\n<td style=\"text-align: center;\"><strong>Laetitia Nolet<\/strong><\/td>\n<td style=\"text-align: center;\"><strong>Pierre Laconte<\/strong><\/td>\n<td style=\"text-align: center;\"><strong>Jean-Luc Calonger<\/strong><\/td>\n<td style=\"text-align: center;\"><strong>Isabelle Corten<\/strong><\/td>\n<\/tr>\n<tr>\n<td>Coordinatrice du Forum Pr\u00e9vention et s\u00e9curit\u00e9<\/td>\n<td>FFUE. Co-concepteur du plan de d\u00e9veloppement de Louvain-La \u2013Neuve<\/td>\n<td>CEO AMCV, Chair of The Board of Directors TOCEMA WORLDWIDE<\/td>\n<td>Architecte et urbaniste, directrice de Radiance35<\/td>\n<\/tr>\n<tr>\n<td width=\"200\"><img loading=\"lazy\" class=\"alignnone size-full wp-image-850\" src=\"http:\/\/urbanistes.be\/fup\/wp-content\/uploads\/2019\/04\/int05-1.png\" alt=\"\" width=\"200\" height=\"200\" \/><\/td>\n<td width=\"200\"><img loading=\"lazy\" class=\"alignnone size-full wp-image-834\" src=\"http:\/\/urbanistes.be\/fup\/wp-content\/uploads\/2019\/04\/int06-e1555580957501.jpg\" alt=\"\" width=\"200\" height=\"200\" srcset=\"https:\/\/urbanistes.be\/fup\/wp-content\/uploads\/2019\/04\/int06-e1555580957501.jpg 173w, https:\/\/urbanistes.be\/fup\/wp-content\/uploads\/2019\/04\/int06-e1555580957501-100x100.jpg 100w\" sizes=\"(max-width: 200px) 100vw, 200px\" \/><\/td>\n<td width=\"200\"><img loading=\"lazy\" class=\"alignnone size-full wp-image-849\" src=\"http:\/\/urbanistes.be\/fup\/wp-content\/uploads\/2019\/04\/int5-e1555581041912.jpg\" alt=\"\" width=\"200\" height=\"200\" \/><\/td>\n<td width=\"200\"><img loading=\"lazy\" class=\"alignnone size-full wp-image-835\" src=\"http:\/\/urbanistes.be\/fup\/wp-content\/uploads\/2019\/04\/int08-e1555581186496.jpg\" alt=\"\" width=\"200\" height=\"200\" \/><\/td>\n<\/tr>\n<tr>\n<td style=\"text-align: center;\"><strong>In\u00e8s P\u00e9borde<\/strong><\/td>\n<td style=\"text-align: center;\"><strong>Harry Derks<\/strong><\/td>\n<td style=\"text-align: center;\"><strong>Mathieu Waterkeyn<\/strong><\/td>\n<td style=\"text-align: center;\"><strong>Simon Laisney<\/strong><\/td>\n<\/tr>\n<tr>\n<td>Rotterdam. Healing Places is focused on health, sensory experiences and spatial design.<\/td>\n<td>Nijmegen. Landschapsarchitect, stedenbouwkundige en CEO van DLA+<\/td>\n<td>Coordinateur de projets \u00e0 la STIB, urbaniste et membre Comit\u00e9 organisateur FUP<\/td>\n<td>Directeur g\u00e9n\u00e9ral &#8211; Fondateur chez Plateau Urbain. Animateur d\u2019occupations temporaires d\u2019une dizaine de sites.<\/td>\n<\/tr>\n<tr>\n<td width=\"200\"><img loading=\"lazy\" class=\"alignnone size-full wp-image-836\" src=\"http:\/\/urbanistes.be\/fup\/wp-content\/uploads\/2019\/04\/int09-e1555580434254.jpg\" alt=\"\" width=\"200\" height=\"200\" \/><\/td>\n<td width=\"200\"><img loading=\"lazy\" class=\"alignnone size-full wp-image-837\" src=\"http:\/\/urbanistes.be\/fup\/wp-content\/uploads\/2019\/04\/int10-e1555580463443.png\" alt=\"\" width=\"200\" height=\"200\" \/><\/td>\n<td width=\"200\"><img loading=\"lazy\" class=\"alignnone size-full wp-image-838\" src=\"http:\/\/urbanistes.be\/fup\/wp-content\/uploads\/2019\/04\/int11-e1555580775261.jpg\" alt=\"\" width=\"200\" height=\"200\" \/><\/td>\n<td width=\"200\"><img loading=\"lazy\" class=\"alignnone size-full wp-image-839\" src=\"http:\/\/urbanistes.be\/fup\/wp-content\/uploads\/2019\/04\/int12-e1555580787267.jpg\" alt=\"\" width=\"200\" height=\"200\" \/><\/td>\n<\/tr>\n<tr>\n<td style=\"text-align: center;\"><strong>Emilie Delacroix<\/strong><\/td>\n<td style=\"text-align: center;\"><strong>Dirk Vande Putte<\/strong><\/td>\n<td style=\"text-align: center;\"><strong>Benjamin Cadranel<\/strong><\/td>\n<td style=\"text-align: center;\"><strong>Serge Colin<\/strong><\/td>\n<\/tr>\n<tr>\n<td>Head of RSE &amp; Innovation chez Befimmo, propri\u00e9taire de deux tours WTC.<\/td>\n<td>Senior Consultant, ex-Directeur g\u00e9n\u00e9ral adjoint<br \/>\nde l\u2019Agence de D\u00e9veloppement du Territoire RBC.<\/td>\n<td>Administrateur g\u00e9n\u00e9ral CITYDEV.<br \/>\nOrganisme en charge d\u2019accueillir des entreprises et de r\u00e9aliser des logements<\/td>\n<td>Architecte urbaniste, CEO et cofondateur du bureau SKOPE.<\/td>\n<\/tr>\n<tr>\n<td width=\"200\"><img loading=\"lazy\" class=\"alignnone size-full wp-image-840\" src=\"http:\/\/urbanistes.be\/fup\/wp-content\/uploads\/2019\/04\/int13-e1555579015237.jpg\" alt=\"\" width=\"200\" height=\"200\" \/><\/td>\n<td width=\"200\"><img loading=\"lazy\" class=\"alignnone size-large wp-image-841\" src=\"http:\/\/urbanistes.be\/fup\/wp-content\/uploads\/2019\/04\/int14-e1555580236688-1100x1100.jpg\" alt=\"\" width=\"200\" height=\"200\" \/><\/td>\n<td width=\"200\"><img loading=\"lazy\" class=\"alignnone size-full wp-image-842\" src=\"http:\/\/urbanistes.be\/fup\/wp-content\/uploads\/2019\/04\/int15-e1555580317400.jpg\" alt=\"\" width=\"200\" height=\"200\" \/><\/td>\n<td width=\"200\"><img loading=\"lazy\" class=\"alignnone size-full wp-image-843\" src=\"http:\/\/urbanistes.be\/fup\/wp-content\/uploads\/2019\/04\/int16-e1555580363669.png\" alt=\"\" width=\"200\" height=\"200\" \/><\/td>\n<\/tr>\n<tr>\n<td style=\"text-align: center;\"><strong>Pascal Sac <\/strong><\/td>\n<td style=\"text-align: center;\"><strong>Philippe Druon<\/strong><\/td>\n<td style=\"text-align: center;\"><strong>Bruno Clerbaux<\/strong><\/td>\n<td style=\"text-align: center;\"><strong>Clotilde Fally<\/strong><\/td>\n<\/tr>\n<tr>\n<td>Responsable Communication et Marketing \u00e0 la SAU. Consultant en marketing territorial.<\/td>\n<td>Pr\u00e9sident du Conseil Fran\u00e7ais des Urbanistes (CFDU)<\/td>\n<td>Architecte-urbaniste, Co-Owner Amenagement sc, Clerbaux-Pinon adf (AcpGroup).<\/td>\n<td>Architecte-urbaniste \u00e0 Matexi, Secr\u00e9taire G\u00e9n\u00e9rale For Urban Passion.<\/td>\n<\/tr>\n<\/tbody>\n<\/table>\n<p>&nbsp;<\/p>\n<table style=\"height: 100%;\" width=\"100%\">\n<tbody>\n<tr>\n<td colspan=\"2\" width=\"247\"><strong>TIMELINE<\/strong><\/td>\n<td width=\"338\"><strong>REGISTRATIE EN VERGOEDINGEN<\/strong><\/td>\n<\/tr>\n<tr>\n<td colspan=\"2\" width=\"247\"><strong>Bozar Center For Fine Arts<br \/>\n<\/strong><strong>Ravensteinstraat 23, 1000 Brussel<\/strong><\/td>\n<td rowspan=\"14\" width=\"338\">De registratie geeft u recht op:<\/p>\n<p>&#8211; de conferentie van S\u00e9bastien MAROT, op woensdag 8 mei om 19 uur in Bozar;<br \/>\n&#8211; het bijwonen van het FORUM op woensdag 15 mei in Bozar, evenals de lunch op de middag en een drankje aan het eind van de dag;<strong><br \/>\n<\/strong>&#8211; het ontvangen van de Aktes van het forum.<\/p>\n<table style=\"height: 93px;\" width=\"427\">\n<tbody>\n<tr>\n<td width=\"113\">130\u20ac<\/td>\n<td width=\"210\">Gewone vergoeding &#8211; IAB<\/td>\n<\/tr>\n<tr>\n<td width=\"113\">90\u20ac<\/td>\n<td width=\"210\">CUB\/FUP-leden<\/td>\n<\/tr>\n<tr>\n<td width=\"113\">25\u20ac<\/td>\n<td width=\"210\">Studenten (Andere statuten op aanvraag)<\/td>\n<\/tr>\n<\/tbody>\n<\/table>\n<p>Se faire membre et b\u00e9n\u00e9ficier de la r\u00e9duction ? <strong><a href=\"http:\/\/urbanistes.be\/fup\/membres\/devenir-membre\/\">Via ce lien<\/a>\u00a0<\/strong><\/td>\n<\/tr>\n<tr>\n<td width=\"78\"><em>8.45 u.<\/em><\/td>\n<td width=\"169\"><em>Onthaal<\/em><\/td>\n<\/tr>\n<tr>\n<td width=\"78\">9-9.10<em> u.<\/em><\/td>\n<td width=\"169\">Introduction<\/td>\n<\/tr>\n<tr>\n<td width=\"78\">9.10-9.45<em> u.<\/em><\/td>\n<td width=\"169\">Nicolas Gilsoul<\/td>\n<\/tr>\n<tr>\n<td width=\"78\">9.45-11<em>\u00a0u.<\/em><\/td>\n<td width=\"169\">1\u00b0 session des workshops 1-2-3<\/td>\n<\/tr>\n<tr>\n<td width=\"78\">11-11.15<em> u.<\/em><\/td>\n<td width=\"169\">Coffee time<\/td>\n<\/tr>\n<tr>\n<td width=\"78\">11.15-11.45<em> u.<\/em><\/td>\n<td width=\"169\">Andreas Kruger<\/td>\n<\/tr>\n<tr>\n<td width=\"78\">11.45-13<em>\u00a0u.<\/em><\/td>\n<td width=\"169\">2\u00b0 session des workshops 1-2-3<\/td>\n<\/tr>\n<tr>\n<td width=\"78\"><em>13-13.45 u.<\/em><\/td>\n<td width=\"169\"><em>Lunch<\/em><\/td>\n<\/tr>\n<tr>\n<td width=\"78\">14-14.30<em> u.<\/em><\/td>\n<td width=\"169\">R\u00e9gine Charvet-Pello<\/td>\n<\/tr>\n<tr>\n<td width=\"78\">14.30-15.45<em> u.<\/em><\/td>\n<td width=\"169\">Session des workshops 4-5<\/td>\n<\/tr>\n<tr>\n<td width=\"78\">15.45-16.15<em> u.<\/em><\/td>\n<td width=\"169\">Josep Bohigas<\/td>\n<\/tr>\n<tr>\n<td width=\"78\">16.15-17<em>\u00a0u.<\/em><\/td>\n<td width=\"169\">D\u00e9bat g\u00e9n\u00e9ral<\/td>\n<\/tr>\n<tr>\n<td width=\"78\">17-17.15<em> u.<\/em><\/td>\n<td width=\"169\">Conclusions du Forum<\/td>\n<\/tr>\n<\/tbody>\n<\/table>\n<p>&nbsp;<\/p>\n<h1 style=\"text-align: center;\"><a href=\"https:\/\/brussel.iticketsro.com\/Bozar\/fr-FR\/events\/towards%20friendly%20cities\/2019-5-15_9.00\/ter%20arken?back=2&amp;area=5ca28156-c104-440c-b99a-d8988f91316d&amp;type=ga&amp;culture=en-US&amp;_ga=2.22259832.250195723.1556026373-650301034.1556026373\">Register now!<\/a><\/h1>\n<p><a href=\"http:\/\/urbanistes.be\/fup\/wp-content\/uploads\/2019\/05\/200419_FUP_BROCHURE_BAT_WEB.pdf\">Detailed program<\/a><\/p>\n","protected":false},"excerpt":{"rendered":"<div class=\"post-excerpt\">Towards Friendly Cities \u2013 For a better attractiveness FR &#8211; NL Don&rsquo;t miss the FORUM that FOR URBAN PASSION is organising on Wednesday May 15th at BOZAR. It&rsquo;s in a&hellip;<\/div>\n","protected":false},"author":1,"featured_media":0,"parent":0,"menu_order":0,"comment_status":"closed","ping_status":"closed","template":"","meta":[],"_links":{"self":[{"href":"https:\/\/urbanistes.be\/fup\/wp-json\/wp\/v2\/pages\/872"}],"collection":[{"href":"https:\/\/urbanistes.be\/fup\/wp-json\/wp\/v2\/pages"}],"about":[{"href":"https:\/\/urbanistes.be\/fup\/wp-json\/wp\/v2\/types\/page"}],"author":[{"embeddable":true,"href":"https:\/\/urbanistes.be\/fup\/wp-json\/wp\/v2\/users\/1"}],"replies":[{"embeddable":true,"href":"https:\/\/urbanistes.be\/fup\/wp-json\/wp\/v2\/comments?post=872"}],"version-history":[{"count":7,"href":"https:\/\/urbanistes.be\/fup\/wp-json\/wp\/v2\/pages\/872\/revisions"}],"predecessor-version":[{"id":918,"href":"https:\/\/urbanistes.be\/fup\/wp-json\/wp\/v2\/pages\/872\/revisions\/918"}],"wp:attachment":[{"href":"https:\/\/urbanistes.be\/fup\/wp-json\/wp\/v2\/media?parent=872"}],"curies":[{"name":"wp","href":"https:\/\/api.w.org\/{rel}","templated":true}]}}