{"id":813,"date":"2019-04-18T10:29:46","date_gmt":"2019-04-18T08:29:46","guid":{"rendered":"http:\/\/urbanistes.be\/fup\/?page_id=813"},"modified":"2019-05-02T15:34:37","modified_gmt":"2019-05-02T13:34:37","slug":"programme","status":"publish","type":"page","link":"https:\/\/urbanistes.be\/fup\/programme\/","title":{"rendered":"Programme"},"content":{"rendered":"<a href=\"https:\/\/urbanistes.be\/fup\/wp-content\/uploads\/2019\/04\/Flyer_FR.pdf\" class=\"pdfemb-viewer\" style=\"\" data-width=\"max\" data-height=\"max\"  data-toolbar=\"bottom\" data-toolbar-fixed=\"off\">Flyer_FR<br\/><\/a>\n<h1 style=\"text-align: center;\">Towards Friendly Cities \u2013 For a better attractiveness<\/h1>\n<h2 style=\"text-align: center;\"><a href=\"http:\/\/urbanistes.be\/fup\/programma\/\">NL<\/a> &#8211; <a href=\"http:\/\/urbanistes.be\/fup\/programm\/\">EN<\/a><\/h2>\n<p>Ne ratez pas le FORUM que FOR URBAN PASSION organise ce mercredi 15 mai \u00e0 BOZAR. C\u2019est dans quelques semaines, il est temps de s\u2019inscrire. Nous vous avons pr\u00e9par\u00e9 un programme qui vous int\u00e9ressera, autour d\u2019un th\u00e8me peu abord\u00e9 \u00e0 ce jour : la ville \u00e9motionnelle, ou aimable pour le dire de mani\u00e8re positive. D\u00e9couvrez le programme d\u00e9taill\u00e9 en <a href=\"https:\/\/www.bozar.be\/fr\/activities\/155300-towards-friendly-cities\">ouvrant le lien ici<\/a>.<\/p>\n<p>Nous aurons cette ann\u00e9e des orateurs exceptionnels, une vingtaine dont quatre \u00ab Grands t\u00e9moins \u00bb. Outre leurs expos\u00e9s vivants et interactifs, vous participerez aux \u00e9changes au sein de cinq ateliers.<br \/>\nVoici leurs th\u00e8mes :<br \/>\n1. Territoire \u00e9motionnel et s\u00fbr.<br \/>\n2. La rue apais\u00e9e.<br \/>\n3. Ville et campagne r\u00e9concili\u00e9s.<br \/>\n4. Ville flexible et ouverte.<br \/>\n5. Kiffez vos territoires !<\/p>\n<p>Cet \u00e9v\u00e9nement majeur r\u00e9unit les acteurs des secteurs priv\u00e9s et publics, dans un dialogue prospectif, orient\u00e9 vers l\u2019avenir des territoires et les solutions concr\u00e8tes pour y parvenir.<\/p>\n<h1 style=\"text-align: center;\"><a href=\"https:\/\/brussel.iticketsro.com\/Bozar\/fr-FR\/events\/towards%20friendly%20cities\/2019-5-15_9.00\/ter%20arken?back=2&amp;area=5ca28156-c104-440c-b99a-d8988f91316d&amp;type=ga&amp;culture=fr-FR&amp;_ga=2.22259832.250195723.1556026373-650301034.1556026373\">JE M\u2019INSCRIS<\/a><\/h1>\n<h3 style=\"text-align: left;\">Orateurs confirm\u00e9s<\/h3>\n<p><em><strong>Grands t\u00e9moins<\/strong><\/em><\/p>\n<table style=\"height: 100%;\" width=\"100%\">\n<tbody>\n<tr>\n<td width=\"200\"><img loading=\"lazy\" class=\"alignnone size-full wp-image-822\" src=\"http:\/\/urbanistes.be\/fup\/wp-content\/uploads\/2019\/04\/01-e1555576680608.jpg\" alt=\"\" width=\"200\" height=\"200\" srcset=\"https:\/\/urbanistes.be\/fup\/wp-content\/uploads\/2019\/04\/01-e1555576680608.jpg 266w, https:\/\/urbanistes.be\/fup\/wp-content\/uploads\/2019\/04\/01-e1555576680608-100x100.jpg 100w\" sizes=\"(max-width: 200px) 100vw, 200px\" \/><\/td>\n<td width=\"200\"><img loading=\"lazy\" class=\"alignnone size-full wp-image-819\" src=\"http:\/\/urbanistes.be\/fup\/wp-content\/uploads\/2019\/04\/02-e1555576726717.jpg\" alt=\"\" width=\"200\" height=\"200\" \/><\/td>\n<td width=\"200\"><img loading=\"lazy\" class=\"alignnone size-full wp-image-820\" src=\"http:\/\/urbanistes.be\/fup\/wp-content\/uploads\/2019\/04\/03-e1555576770190.jpg\" alt=\"\" width=\"200\" height=\"200\" srcset=\"https:\/\/urbanistes.be\/fup\/wp-content\/uploads\/2019\/04\/03-e1555576770190.jpg 304w, https:\/\/urbanistes.be\/fup\/wp-content\/uploads\/2019\/04\/03-e1555576770190-300x300.jpg 300w, https:\/\/urbanistes.be\/fup\/wp-content\/uploads\/2019\/04\/03-e1555576770190-100x100.jpg 100w\" sizes=\"(max-width: 200px) 100vw, 200px\" \/><\/td>\n<td width=\"200\"><img loading=\"lazy\" class=\"alignnone size-full wp-image-821\" src=\"http:\/\/urbanistes.be\/fup\/wp-content\/uploads\/2019\/04\/04-e1555576831860.jpg\" alt=\"\" width=\"200\" height=\"200\" srcset=\"https:\/\/urbanistes.be\/fup\/wp-content\/uploads\/2019\/04\/04-e1555576831860.jpg 335w, https:\/\/urbanistes.be\/fup\/wp-content\/uploads\/2019\/04\/04-e1555576831860-300x300.jpg 300w, https:\/\/urbanistes.be\/fup\/wp-content\/uploads\/2019\/04\/04-e1555576831860-100x100.jpg 100w\" sizes=\"(max-width: 200px) 100vw, 200px\" \/><\/td>\n<\/tr>\n<tr>\n<td style=\"text-align: center;\"><strong>Nicolas Gilsoul<\/strong><\/td>\n<td style=\"text-align: center;\"><strong>Andreas Kr\u00fcger<\/strong><\/td>\n<td style=\"text-align: center;\"><strong>R\u00e9gine Charvet-Pello<\/strong><\/td>\n<td style=\"text-align: center;\"><strong>Josep Bohigas<\/strong><\/td>\n<\/tr>\n<tr>\n<td>a \u00e9crit \u00ab D\u00e9sir de villes \u00bb avec Erik Orsenna chez Robert Laffont en 2018.<br \/>\nIl est architecte, paysagiste<br \/>\net auteur de projets r\u00e9introduisant le Vivant.<\/td>\n<td>Director at Steuerberater<br \/>\nB\u00fcro in Berlin.<br \/>\nHe will explain some approaches towards spatial strategies for unusal people and places.<\/td>\n<td>Designer et architecte.<br \/>\nDepuis 30 ans, elle met son exp\u00e9rience sensible au service des villes, et propose des solutions cr\u00e9atives et centr\u00e9es sur l\u2019homme et<br \/>\nson intelligence sensorielle.<\/td>\n<td>CEO of the Barcelona Regional.<br \/>\nThis public institution is<br \/>\ndedicated to strategic,<br \/>\nurban and infrastructural planning. \u201cFearless Cities\u201d will be the focus of his intervention.<\/td>\n<\/tr>\n<\/tbody>\n<\/table>\n<p><em><strong><br \/>\nAutres intervenants<\/strong><\/em><\/p>\n<table style=\"height: 100%;\" width=\"100%\">\n<tbody>\n<tr>\n<td width=\"200\"><img loading=\"lazy\" class=\"alignnone size-full wp-image-830\" src=\"http:\/\/urbanistes.be\/fup\/wp-content\/uploads\/2019\/04\/int01-e1555581224708.png\" alt=\"\" width=\"200\" height=\"200\" \/><\/td>\n<td width=\"200\"><img loading=\"lazy\" class=\"alignnone size-full wp-image-831\" src=\"http:\/\/urbanistes.be\/fup\/wp-content\/uploads\/2019\/04\/int02-e1555581270149.png\" alt=\"\" width=\"200\" height=\"200\" \/><\/td>\n<td width=\"200\"><img loading=\"lazy\" class=\"alignnone size-full wp-image-832\" src=\"http:\/\/urbanistes.be\/fup\/wp-content\/uploads\/2019\/04\/int03-e1555581309741.jpg\" alt=\"\" width=\"200\" height=\"200\" \/><\/td>\n<td width=\"200\"><img loading=\"lazy\" class=\"alignnone size-full wp-image-852\" src=\"http:\/\/urbanistes.be\/fup\/wp-content\/uploads\/2019\/04\/10.jpg\" alt=\"\" width=\"200\" height=\"200\" \/><\/td>\n<\/tr>\n<tr>\n<td style=\"text-align: center;\"><strong>Laetitia Nolet<\/strong><\/td>\n<td style=\"text-align: center;\"><strong>Pierre Laconte<\/strong><\/td>\n<td style=\"text-align: center;\"><strong>Jean-Luc Calonger<\/strong><\/td>\n<td style=\"text-align: center;\"><strong>Isabelle Corten<\/strong><\/td>\n<\/tr>\n<tr>\n<td>Coordinatrice du Forum Pr\u00e9vention et s\u00e9curit\u00e9<\/td>\n<td>FFUE. Co-concepteur du plan de d\u00e9veloppement de Louvain-La \u2013Neuve<\/td>\n<td>CEO AMCV, Chair of The Board of Directors TOCEMA WORLDWIDE<\/td>\n<td>Architecte et urbaniste, directrice de Radiance35<\/td>\n<\/tr>\n<tr>\n<td width=\"200\"><img loading=\"lazy\" class=\"alignnone size-full wp-image-850\" src=\"http:\/\/urbanistes.be\/fup\/wp-content\/uploads\/2019\/04\/int05-1.png\" alt=\"\" width=\"200\" height=\"200\" \/><\/td>\n<td width=\"200\"><img loading=\"lazy\" class=\"alignnone size-full wp-image-834\" src=\"http:\/\/urbanistes.be\/fup\/wp-content\/uploads\/2019\/04\/int06-e1555580957501.jpg\" alt=\"\" width=\"200\" height=\"200\" srcset=\"https:\/\/urbanistes.be\/fup\/wp-content\/uploads\/2019\/04\/int06-e1555580957501.jpg 173w, https:\/\/urbanistes.be\/fup\/wp-content\/uploads\/2019\/04\/int06-e1555580957501-100x100.jpg 100w\" sizes=\"(max-width: 200px) 100vw, 200px\" \/><\/td>\n<td width=\"200\"><img loading=\"lazy\" class=\"alignnone size-full wp-image-849\" src=\"http:\/\/urbanistes.be\/fup\/wp-content\/uploads\/2019\/04\/int5-e1555581041912.jpg\" alt=\"\" width=\"200\" height=\"200\" \/><\/td>\n<td width=\"200\"><img loading=\"lazy\" class=\"alignnone size-full wp-image-835\" src=\"http:\/\/urbanistes.be\/fup\/wp-content\/uploads\/2019\/04\/int08-e1555581186496.jpg\" alt=\"\" width=\"200\" height=\"200\" \/><\/td>\n<\/tr>\n<tr>\n<td style=\"text-align: center;\"><strong>In\u00e8s P\u00e9borde<\/strong><\/td>\n<td style=\"text-align: center;\"><strong>Harry Derks<\/strong><\/td>\n<td style=\"text-align: center;\"><strong>Mathieu Waterkeyn<\/strong><\/td>\n<td style=\"text-align: center;\"><strong>Simon Laisney<\/strong><\/td>\n<\/tr>\n<tr>\n<td>Rotterdam. Healing Places is focused on health, sensory experiences and spatial design.<\/td>\n<td>Nijmegen. Landschapsarchitect, stedenbouwkundige en CEO van DLA+<\/td>\n<td>Coordinateur de projets \u00e0 la STIB, urbaniste et membre Comit\u00e9 organisateur FUP<\/td>\n<td>Directeur g\u00e9n\u00e9ral &#8211; Fondateur chez Plateau Urbain. Animateur d\u2019occupations temporaires d\u2019une dizaine de sites.<\/td>\n<\/tr>\n<tr>\n<td width=\"200\"><img loading=\"lazy\" class=\"alignnone size-full wp-image-836\" src=\"http:\/\/urbanistes.be\/fup\/wp-content\/uploads\/2019\/04\/int09-e1555580434254.jpg\" alt=\"\" width=\"200\" height=\"200\" \/><\/td>\n<td width=\"200\"><img loading=\"lazy\" class=\"alignnone size-full wp-image-837\" src=\"http:\/\/urbanistes.be\/fup\/wp-content\/uploads\/2019\/04\/int10-e1555580463443.png\" alt=\"\" width=\"200\" height=\"200\" \/><\/td>\n<td width=\"200\"><img loading=\"lazy\" class=\"alignnone size-full wp-image-838\" src=\"http:\/\/urbanistes.be\/fup\/wp-content\/uploads\/2019\/04\/int11-e1555580775261.jpg\" alt=\"\" width=\"200\" height=\"200\" \/><\/td>\n<td width=\"200\"><img loading=\"lazy\" class=\"alignnone size-full wp-image-839\" src=\"http:\/\/urbanistes.be\/fup\/wp-content\/uploads\/2019\/04\/int12-e1555580787267.jpg\" alt=\"\" width=\"200\" height=\"200\" \/><\/td>\n<\/tr>\n<tr>\n<td style=\"text-align: center;\"><strong>Emilie Delacroix<\/strong><\/td>\n<td style=\"text-align: center;\"><strong>Dirk Vande Putte<\/strong><\/td>\n<td style=\"text-align: center;\"><strong>Benjamin Cadranel<\/strong><\/td>\n<td style=\"text-align: center;\"><strong>Serge Colin<\/strong><\/td>\n<\/tr>\n<tr>\n<td>Head of RSE &amp; Innovation chez Befimmo, propri\u00e9taire de deux tours WTC.<\/td>\n<td>Senior Consultant, ex-Directeur g\u00e9n\u00e9ral adjoint<br \/>\nde l\u2019Agence de D\u00e9veloppement du Territoire RBC.<\/td>\n<td>Administrateur g\u00e9n\u00e9ral CITYDEV.<br \/>\nOrganisme en charge d\u2019accueillir des entreprises et de r\u00e9aliser des logements<\/td>\n<td>Architecte urbaniste, CEO et cofondateur du bureau SKOPE.<\/td>\n<\/tr>\n<tr>\n<td width=\"200\"><img loading=\"lazy\" class=\"alignnone size-full wp-image-840\" src=\"http:\/\/urbanistes.be\/fup\/wp-content\/uploads\/2019\/04\/int13-e1555579015237.jpg\" alt=\"\" width=\"200\" height=\"200\" \/><\/td>\n<td width=\"200\"><img loading=\"lazy\" class=\"alignnone size-large wp-image-841\" src=\"http:\/\/urbanistes.be\/fup\/wp-content\/uploads\/2019\/04\/int14-e1555580236688-1100x1100.jpg\" alt=\"\" width=\"200\" height=\"200\" \/><\/td>\n<td width=\"200\"><img loading=\"lazy\" class=\"alignnone size-full wp-image-842\" src=\"http:\/\/urbanistes.be\/fup\/wp-content\/uploads\/2019\/04\/int15-e1555580317400.jpg\" alt=\"\" width=\"200\" height=\"200\" \/><\/td>\n<td width=\"200\"><img loading=\"lazy\" class=\"alignnone size-full wp-image-843\" src=\"http:\/\/urbanistes.be\/fup\/wp-content\/uploads\/2019\/04\/int16-e1555580363669.png\" alt=\"\" width=\"200\" height=\"200\" \/><\/td>\n<\/tr>\n<tr>\n<td style=\"text-align: center;\"><strong>Pascal Sac <\/strong><\/td>\n<td style=\"text-align: center;\"><strong>Philippe Druon<\/strong><\/td>\n<td style=\"text-align: center;\"><strong>Bruno Clerbaux<\/strong><\/td>\n<td style=\"text-align: center;\"><strong>Clotilde Fally<\/strong><\/td>\n<\/tr>\n<tr>\n<td>Responsable Communication et Marketing \u00e0 la SAU. Consultant en marketing territorial.<\/td>\n<td>Pr\u00e9sident du Conseil Fran\u00e7ais des Urbanistes (CFDU)<\/td>\n<td>Architecte-urbaniste, Co-Owner Amenagement sc, Clerbaux-Pinon adf (AcpGroup).<\/td>\n<td>Architecte-urbaniste \u00e0 Matexi, Secr\u00e9taire G\u00e9n\u00e9rale For Urban Passion.<\/td>\n<\/tr>\n<\/tbody>\n<\/table>\n<p>&nbsp;<\/p>\n<table style=\"height: 100%;\" width=\"100%\">\n<tbody>\n<tr>\n<td colspan=\"2\" width=\"247\"><strong>TIMELINE<\/strong><\/td>\n<td width=\"338\"><strong>INSCRIPTIONS ET TARIFS<\/strong><\/td>\n<\/tr>\n<tr>\n<td colspan=\"2\" width=\"247\"><strong>Bozar Center For Fine Arts<br \/>\n<\/strong><strong>rue Ravenstein 23, 1000 Bruxelles<\/strong><\/td>\n<td rowspan=\"14\" width=\"338\">L\u2019inscription donne droit\u00a0:<\/p>\n<p>&#8211; \u00e0 la conf\u00e9rence de S\u00e9bastien MAROT, le mercredi 8 mai \u00e0 19 \u00e0 Bozar<br \/>\n&#8211; \u00e0 la pr\u00e9sence au FORUM le mercredi 15 mai \u00e0 Bozar, ainsi qu\u2019au lunch \u00e0 midi et au drink de fin de journ\u00e9e<br \/>\n&#8211; \u00e0 la r\u00e9ception des Actes du Forum.<\/p>\n<table style=\"height: 93px;\" width=\"427\">\n<tbody>\n<tr>\n<td width=\"113\">130\u20ac<\/td>\n<td width=\"210\">Tarif normal &#8211; TTC<\/td>\n<\/tr>\n<tr>\n<td width=\"113\">90\u20ac<\/td>\n<td width=\"210\">Membres CUB\/FUP<\/td>\n<\/tr>\n<tr>\n<td width=\"113\">25\u20ac<\/td>\n<td width=\"210\">\u00c9tudiants (autres statuts sur demande)<\/td>\n<\/tr>\n<\/tbody>\n<\/table>\n<p>Se faire membre et b\u00e9n\u00e9ficier de la r\u00e9duction ? <strong><a href=\"http:\/\/urbanistes.be\/fup\/membres\/devenir-membre\/\">Via ce lien<\/a>\u00a0<\/strong><\/td>\n<\/tr>\n<tr>\n<td width=\"78\"><em>8h45<\/em><\/td>\n<td width=\"169\"><em>Accueil <\/em><\/td>\n<\/tr>\n<tr>\n<td width=\"78\">9h-9h10<\/td>\n<td width=\"169\">Introduction<\/td>\n<\/tr>\n<tr>\n<td width=\"78\">9h10-9h45<\/td>\n<td width=\"169\">Nicolas Gilsoul<\/td>\n<\/tr>\n<tr>\n<td width=\"78\">9h45-11h<\/td>\n<td width=\"169\">1\u00b0 session des workshops 1-2-3<\/td>\n<\/tr>\n<tr>\n<td width=\"78\">11h-11h15<\/td>\n<td width=\"169\">Coffee time<\/td>\n<\/tr>\n<tr>\n<td width=\"78\">11h15-11h45<\/td>\n<td width=\"169\">Andreas Kruger<\/td>\n<\/tr>\n<tr>\n<td width=\"78\">11h45-13h<\/td>\n<td width=\"169\">2\u00b0 session des workshops 1-2-3<\/td>\n<\/tr>\n<tr>\n<td width=\"78\"><em>13h-13h45<\/em><\/td>\n<td width=\"169\"><em>Lunch<\/em><\/td>\n<\/tr>\n<tr>\n<td width=\"78\">14h-14h30<\/td>\n<td width=\"169\">R\u00e9gine Charvet-Pello<\/td>\n<\/tr>\n<tr>\n<td width=\"78\">14h30-15h45<\/td>\n<td width=\"169\">Session des workshops 4-5<\/td>\n<\/tr>\n<tr>\n<td width=\"78\">15h45-16h15<\/td>\n<td width=\"169\">Josep Bohigas<\/td>\n<\/tr>\n<tr>\n<td width=\"78\">16h15-17h<\/td>\n<td width=\"169\">D\u00e9bat g\u00e9n\u00e9ral<\/td>\n<\/tr>\n<tr>\n<td width=\"78\">17h-17h15<\/td>\n<td width=\"169\">Conclusions du Forum<\/td>\n<\/tr>\n<\/tbody>\n<\/table>\n<p>&nbsp;<\/p>\n<h1 style=\"text-align: center;\"><a href=\"https:\/\/brussel.iticketsro.com\/Bozar\/fr-FR\/events\/towards%20friendly%20cities\/2019-5-15_9.00\/ter%20arken?back=2&amp;area=5ca28156-c104-440c-b99a-d8988f91316d&amp;type=ga&amp;culture=fr-FR&amp;_ga=2.22259832.250195723.1556026373-650301034.1556026373\">JE M\u2019INSCRIS<\/a><\/h1>\n<p><a href=\"http:\/\/urbanistes.be\/fup\/wp-content\/uploads\/2019\/05\/200419_FUP_BROCHURE_BAT_WEB.pdf\">Programme d\u00e9taill\u00e9<\/a><\/p>\n","protected":false},"excerpt":{"rendered":"<div class=\"post-excerpt\">Towards Friendly Cities \u2013 For a better attractiveness NL &#8211; EN Ne ratez pas le FORUM que FOR URBAN PASSION organise ce mercredi 15 mai \u00e0 BOZAR. C\u2019est dans quelques&hellip;<\/div>\n","protected":false},"author":1,"featured_media":0,"parent":0,"menu_order":0,"comment_status":"closed","ping_status":"closed","template":"","meta":[],"_links":{"self":[{"href":"https:\/\/urbanistes.be\/fup\/wp-json\/wp\/v2\/pages\/813"}],"collection":[{"href":"https:\/\/urbanistes.be\/fup\/wp-json\/wp\/v2\/pages"}],"about":[{"href":"https:\/\/urbanistes.be\/fup\/wp-json\/wp\/v2\/types\/page"}],"author":[{"embeddable":true,"href":"https:\/\/urbanistes.be\/fup\/wp-json\/wp\/v2\/users\/1"}],"replies":[{"embeddable":true,"href":"https:\/\/urbanistes.be\/fup\/wp-json\/wp\/v2\/comments?post=813"}],"version-history":[{"count":37,"href":"https:\/\/urbanistes.be\/fup\/wp-json\/wp\/v2\/pages\/813\/revisions"}],"predecessor-version":[{"id":917,"href":"https:\/\/urbanistes.be\/fup\/wp-json\/wp\/v2\/pages\/813\/revisions\/917"}],"wp:attachment":[{"href":"https:\/\/urbanistes.be\/fup\/wp-json\/wp\/v2\/media?parent=813"}],"curies":[{"name":"wp","href":"https:\/\/api.w.org\/{rel}","templated":true}]}}