{"id":795,"date":"2019-04-11T11:55:37","date_gmt":"2019-04-11T09:55:37","guid":{"rendered":"http:\/\/urbanistes.be\/fup\/?page_id=795"},"modified":"2019-05-02T15:33:59","modified_gmt":"2019-05-02T13:33:59","slug":"forum-2019","status":"publish","type":"page","link":"https:\/\/urbanistes.be\/fup\/forum-2019\/","title":{"rendered":"FORUM 2019 &#8211; Towards Friendly Cities &#8211; For a better attractiveness"},"content":{"rendered":"<p><img loading=\"lazy\" src=\"https:\/\/gallery.mailchimp.com\/44d457b4bac257fa9a1e0faf4\/images\/e4a337ca-afca-42bd-94ea-c76a19ff9d3c.png\" width=\"900\" height=\"294\" data-file-id=\"1085729\" \/><\/p>\n<p>Apr\u00e8s le succ\u00e8s du Forum 2017 \u00ab\u00a0<em>New Use New Move, New Move New Use<\/em>\u00a0\u00bb et de 2018 \u00ab\u00a0<em>New Fields New Practices, New Practices New Fields<\/em>\u00a0\u00bb l\u2019asbl For Urban Passion vous invite \u00e0 participer \u00e0 sa troisi\u00e8me \u00e9dition avec comme th\u00e9matique la\u00a0<strong>convivialit\u00e9 urbaine<\/strong>.<\/p>\n<p>La convivialit\u00e9 urbaine c\u2019est participer au bien \u00eatre de la ville, induire l\u2019apaisement dans le partage de l\u2019espace ou accorder davantage de place \u00e0 l\u2019\u00e9motion positive, l\u2019harmonie et la beaut\u00e9 \u2026<\/p>\n<p>A cette \u00e9poque o\u00f9 \u00ab la fureur de la ville \u00bb continue d\u2019effrayer une large part de la population, se pose la question de savoir comment rendre nos villes plus attirantes, plus agr\u00e9ables ? Quels projets, r\u00e9alisations ou modes de gestion peuvent faire ce suppl\u00e9ment d\u2019\u00e2me ?\u00a0 Comment questionner les projets ou initiatives qui entendent y contribuer ? Saisit-on toutes les opportunit\u00e9s pour avancer vers cette convivialit\u00e9 urbaine ?<\/p>\n<p>De multiples exemples r\u00e9v\u00e8lent que des horizons nouveaux se d\u00e9gagent, que leur dynamique draine une nouvelle attention pour la ville aimable. Ils seront pr\u00e9sent\u00e9s et discut\u00e9s \u00e0 l\u2019occasion du Forum.<\/p>\n<h1 style=\"text-align: center;\"><a href=\"https:\/\/brussel.iticketsro.com\/Bozar\/fr-FR\/events\/towards%20friendly%20cities\/2019-5-15_9.00\/ter%20arken?back=2&amp;area=5ca28156-c104-440c-b99a-d8988f91316d&amp;type=ga&amp;culture=fr-FR&amp;_ga=2.22259832.250195723.1556026373-650301034.1556026373\">JE M\u2019INSCRIS<\/a><\/h1>\n<p><strong>QUAND\u00a0?\u00a0<\/strong>\u00a08 &amp; 15 mai 2019<\/p>\n<p><strong>O\u00d9\u00a0?<\/strong>\u00a0\u00a0BOZAR Palais des Beaux &#8211; Arts<br \/>\nRue Ravenstein, 23 &#8211; 1000 Bruxelles<\/p>\n<p>Pour qui : Architectes &#8211; Urbanistes &#8211; Sociologues &#8211; G\u00e9ographes &#8211; Ing\u00e9nieurs &#8211; Environnementalistes &#8211; Paysagistes &#8211; Services de l\u2019urbanisme et de l\u2019am\u00e9nagement du territoire &#8211; Experts en mobilit\u00e9 &#8211; Expert en patrimoine et immobilier &#8211; Responsable des travaux publics &#8211; Associations locales\/ collectifs citoyens &#8211; Sp\u00e9cialistes en participation citoyenne &#8211; Gestionnaires de projet &#8211; Bureaux de d\u00e9veloppement \u00e9conomique et commercial, \u2026<\/p>\n<p>Si vous souhaitez des renseignements ou devenir membre de notre association pour b\u00e9n\u00e9ficier des avantages<br \/>\nd\u2019inscription au forum, n\u2019h\u00e9sitez pas !<br \/>\nPrenez contact avec nous : FUP (For Urban Passion)\u00a0<a title=\"FUP - For Urban Passion\" href=\"http:\/\/urbanistes.be\/fup\/\" target=\"_blank\" rel=\"noopener noreferrer\">http:\/\/urbanistes.be\/fup<\/a><\/p>\n<h1 style=\"text-align: center;\"><a href=\"https:\/\/brussel.iticketsro.com\/Bozar\/fr-FR\/events\/towards%20friendly%20cities\/2019-5-15_9.00\/ter%20arken?back=2&amp;area=5ca28156-c104-440c-b99a-d8988f91316d&amp;type=ga&amp;culture=fr-FR&amp;_ga=2.22259832.250195723.1556026373-650301034.1556026373\">JE M\u2019INSCRIS<\/a><\/h1>\n<p><a href=\"http:\/\/urbanistes.be\/fup\/wp-content\/uploads\/2019\/05\/200419_FUP_BROCHURE_BAT_WEB.pdf\">Programme d\u00e9taill\u00e9<\/a><\/p>\n","protected":false},"excerpt":{"rendered":"<div class=\"post-excerpt\">Apr\u00e8s le succ\u00e8s du Forum 2017 \u00ab\u00a0New Use New Move, New Move New Use\u00a0\u00bb et de 2018 \u00ab\u00a0New Fields New Practices, New Practices New Fields\u00a0\u00bb l\u2019asbl For Urban Passion vous&hellip;<\/div>\n","protected":false},"author":1,"featured_media":0,"parent":0,"menu_order":0,"comment_status":"closed","ping_status":"closed","template":"","meta":[],"_links":{"self":[{"href":"https:\/\/urbanistes.be\/fup\/wp-json\/wp\/v2\/pages\/795"}],"collection":[{"href":"https:\/\/urbanistes.be\/fup\/wp-json\/wp\/v2\/pages"}],"about":[{"href":"https:\/\/urbanistes.be\/fup\/wp-json\/wp\/v2\/types\/page"}],"author":[{"embeddable":true,"href":"https:\/\/urbanistes.be\/fup\/wp-json\/wp\/v2\/users\/1"}],"replies":[{"embeddable":true,"href":"https:\/\/urbanistes.be\/fup\/wp-json\/wp\/v2\/comments?post=795"}],"version-history":[{"count":7,"href":"https:\/\/urbanistes.be\/fup\/wp-json\/wp\/v2\/pages\/795\/revisions"}],"predecessor-version":[{"id":916,"href":"https:\/\/urbanistes.be\/fup\/wp-json\/wp\/v2\/pages\/795\/revisions\/916"}],"wp:attachment":[{"href":"https:\/\/urbanistes.be\/fup\/wp-json\/wp\/v2\/media?parent=795"}],"curies":[{"name":"wp","href":"https:\/\/api.w.org\/{rel}","templated":true}]}}