{"id":19,"date":"2016-10-30T19:32:20","date_gmt":"2016-10-30T18:32:20","guid":{"rendered":"http:\/\/urbanistes.be\/fup\/?page_id=19"},"modified":"2020-04-08T14:59:27","modified_gmt":"2020-04-08T12:59:27","slug":"tresorier","status":"publish","type":"page","link":"https:\/\/urbanistes.be\/fup\/conseil-dadministration\/tresorier\/","title":{"rendered":"Tr\u00e9sorier"},"content":{"rendered":"<p><span lang=\"fr\">Dirk van de Putte est conseiller principal en d\u00e9veloppement urbain et sp\u00e9cialiste de la gouvernance locale et territoriale,<br \/>\nainsi que de la prise en compte et de l&rsquo;int\u00e9gration r\u00e9ussies des parties prenantes internes et externes dans les projets de d\u00e9veloppement publics et priv\u00e9s. Parall\u00e8lement \u00e0 son engagement chez Walloth Urban Advisors, Dirk est membre du comit\u00e9 directeur de Citydev, l&rsquo;entreprise de d\u00e9veloppement r\u00e9gional de Bruxelles et membre du comit\u00e9 directeur du FUP,<br \/>\nFor Urban Passion, une filiale \u00e0 but non lucratif de la Chambre Francophone des urbanistes de Belgique (Chambre des urbanistes de Belgique).<br \/>\nEn tant que membre de l&rsquo;ISOCARP Dirk a r\u00e9cemment mis au point l&rsquo;organisation de l&rsquo;atelier de Bruxelles lors du congr\u00e8s ISOCARP 2015.<br \/>\nEn 2017 avec les membres internationaux de l&rsquo;ISOCARP il a g\u00e9r\u00e9 l&rsquo;organisation d&rsquo;une visite de plusieurs jours et d&rsquo;un atelier d&rsquo;experts sur la zone du canal de Bruxelles.<\/span><\/p>\n<p><span lang=\"fr\"> Avant de rejoindre Walloth Urban Advisors, Dirk a occup\u00e9 les postes de :<br \/>\nVice-directeur chez ADT, l&rsquo;Agence de d\u00e9veloppement territorial de la R\u00e9gion de Bruxelles-Capitale.\u00a0 <\/span><\/p>\n<p><span lang=\"fr\">Directeur du Foyer Anderlechtois, la soci\u00e9t\u00e9 de logement social de Bruxelles-Anderlecht<\/span><\/p>\n<p><span lang=\"fr\">Directeur de la Mission Locale d\u2019Anderlecht, de la Mission locale pour l\u2019emploi, participation socioprofessionnelle et la formation. <\/span><\/p>\n<p><span lang=\"fr\">Ces autres engagements comprenaient, entre autres, la conception et la supervision d&rsquo;un projet de marketing urbain financ\u00e9 par le FEDER pour la zone du canal de Bruxelles, la promotion d&rsquo;une strat\u00e9gie de gouvernance territoriale participative, l&rsquo;\u00e9laboration de diverses propositions de d\u00e9veloppement local int\u00e9gr\u00e9 et la supervision des changements. dans la gouvernance des services de pr\u00e9vention de la s\u00e9curit\u00e9. <\/span><\/p>\n<p><span lang=\"fr\">Dirk a une double formation de concepteur et d&rsquo;historien de la construction.<\/span><\/p>\n<p>&nbsp;<\/p>\n<p>&nbsp;<\/p>\n","protected":false},"excerpt":{"rendered":"<div class=\"post-excerpt\">Dirk van de Putte est conseiller principal en d\u00e9veloppement urbain et sp\u00e9cialiste de la gouvernance locale et territoriale, ainsi que de la prise en compte et de l&rsquo;int\u00e9gration r\u00e9ussies des&hellip;<\/div>\n","protected":false},"author":1,"featured_media":0,"parent":13,"menu_order":0,"comment_status":"closed","ping_status":"closed","template":"","meta":[],"_links":{"self":[{"href":"https:\/\/urbanistes.be\/fup\/wp-json\/wp\/v2\/pages\/19"}],"collection":[{"href":"https:\/\/urbanistes.be\/fup\/wp-json\/wp\/v2\/pages"}],"about":[{"href":"https:\/\/urbanistes.be\/fup\/wp-json\/wp\/v2\/types\/page"}],"author":[{"embeddable":true,"href":"https:\/\/urbanistes.be\/fup\/wp-json\/wp\/v2\/users\/1"}],"replies":[{"embeddable":true,"href":"https:\/\/urbanistes.be\/fup\/wp-json\/wp\/v2\/comments?post=19"}],"version-history":[{"count":10,"href":"https:\/\/urbanistes.be\/fup\/wp-json\/wp\/v2\/pages\/19\/revisions"}],"predecessor-version":[{"id":1126,"href":"https:\/\/urbanistes.be\/fup\/wp-json\/wp\/v2\/pages\/19\/revisions\/1126"}],"up":[{"embeddable":true,"href":"https:\/\/urbanistes.be\/fup\/wp-json\/wp\/v2\/pages\/13"}],"wp:attachment":[{"href":"https:\/\/urbanistes.be\/fup\/wp-json\/wp\/v2\/media?parent=19"}],"curies":[{"name":"wp","href":"https:\/\/api.w.org\/{rel}","templated":true}]}}