{"id":1278,"date":"2020-10-15T13:21:06","date_gmt":"2020-10-15T11:21:06","guid":{"rendered":"http:\/\/urbanistes.be\/fup\/?page_id=1278"},"modified":"2020-10-20T19:05:16","modified_gmt":"2020-10-20T17:05:16","slug":"forum-virtuel","status":"publish","type":"page","link":"https:\/\/urbanistes.be\/fup\/forum-virtuel\/","title":{"rendered":"Forum Virtuel"},"content":{"rendered":"<p>Bonjour,<\/p>\n<p>Les inscriptions on line sont termin\u00e9es mais vous pouvez toujours t\u00e9l\u00e9charger le programme complet en 32 pages de la journ\u00e9e, via le lien ci-dessous.<\/p>\n<p><a href=\"http:\/\/urbanistes.be\/fup\/fup_coolplanning_progarmmefull_148x210_vdef_hr\/\"><img loading=\"lazy\" class=\"wp-image-1287 size-medium\" src=\"http:\/\/urbanistes.be\/fup\/wp-content\/uploads\/2020\/10\/telecharger-300x72.png\" alt=\"Lien de t\u00e9l\u00e9chargement du programme \" width=\"300\" height=\"72\" srcset=\"https:\/\/urbanistes.be\/fup\/wp-content\/uploads\/2020\/10\/telecharger-300x72.png 300w, https:\/\/urbanistes.be\/fup\/wp-content\/uploads\/2020\/10\/telecharger.png 459w\" sizes=\"(max-width: 300px) 100vw, 300px\" \/><\/a><\/p>\n","protected":false},"excerpt":{"rendered":"<div class=\"post-excerpt\">Bonjour, Les inscriptions on line sont termin\u00e9es mais vous pouvez toujours t\u00e9l\u00e9charger le programme complet en 32 pages de la journ\u00e9e, via le lien ci-dessous.<\/div>\n","protected":false},"author":5792,"featured_media":0,"parent":0,"menu_order":0,"comment_status":"closed","ping_status":"closed","template":"","meta":[],"_links":{"self":[{"href":"https:\/\/urbanistes.be\/fup\/wp-json\/wp\/v2\/pages\/1278"}],"collection":[{"href":"https:\/\/urbanistes.be\/fup\/wp-json\/wp\/v2\/pages"}],"about":[{"href":"https:\/\/urbanistes.be\/fup\/wp-json\/wp\/v2\/types\/page"}],"author":[{"embeddable":true,"href":"https:\/\/urbanistes.be\/fup\/wp-json\/wp\/v2\/users\/5792"}],"replies":[{"embeddable":true,"href":"https:\/\/urbanistes.be\/fup\/wp-json\/wp\/v2\/comments?post=1278"}],"version-history":[{"count":7,"href":"https:\/\/urbanistes.be\/fup\/wp-json\/wp\/v2\/pages\/1278\/revisions"}],"predecessor-version":[{"id":1297,"href":"https:\/\/urbanistes.be\/fup\/wp-json\/wp\/v2\/pages\/1278\/revisions\/1297"}],"wp:attachment":[{"href":"https:\/\/urbanistes.be\/fup\/wp-json\/wp\/v2\/media?parent=1278"}],"curies":[{"name":"wp","href":"https:\/\/api.w.org\/{rel}","templated":true}]}}