{"id":9,"date":"2016-10-30T19:04:35","date_gmt":"2016-10-30T18:04:35","guid":{"rendered":"http:\/\/urbanistes.be\/cub\/?page_id=9"},"modified":"2021-02-02T17:47:02","modified_gmt":"2021-02-02T16:47:02","slug":"membres","status":"publish","type":"page","link":"https:\/\/urbanistes.be\/cub\/membres\/","title":{"rendered":"Membres"},"content":{"rendered":"<h2 style=\"text-align: center;\"><span style=\"color: #f03e1a;\"><a style=\"color: #f03e1a;\" href=\"https:\/\/urbanistes.be\/cub\/login\/\">Connexion membres<\/a><\/span><\/h2>\n<p>La CUB se compose de membres dont la pratique professionnelle de l\u2019urbanisme ou de l\u2019am\u00e9nagement du territoire rel\u00e8ve des champs de la conception, de la gestion, de la formation, de l\u2019enseignement ou de la recherche.<\/p>\n<p>Par sa pratique professionnelle, le membre ne poursuit aucun but commercial.<\/p>\n<p>Le membre se conforme aux engagements vis\u00e9s par l\u2019Article 7 des statuts.<\/p>\n<p>Les membres sont, soit effectifs, soit honoraires, soit d\u00e9l\u00e9gu\u00e9s :<\/p>\n<ul>\n<li>le nombre de membres effectifs sera de huit au moins;<\/li>\n<li>le nombre des membres honoraires ne pourra d\u00e9passer le quart de celui des membres effectifs,<\/li>\n<li>le nombre de membres d\u00e9l\u00e9gu\u00e9s est limit\u00e9 au nombre de r\u00e9gions ou communaut\u00e9s sur le territoire belge.<\/li>\n<\/ul>\n<hr \/>\n<p>Pour acqu\u00e9rir la qualit\u00e9 de <a href=\"https:\/\/urbanistes.be\/cub\/members\/\" target=\"_blank\" rel=\"noopener\"><strong>membre effectif<\/strong><\/a>, le candidat doit exercer en Belgique ou dans l\u2019Union europ\u00e9enne, la profession d\u2019urbaniste \u00e0 titre priv\u00e9 ou dans le cadre d\u2019une institution dont l\u2019objet et les conditions sont vis\u00e9s \u00e0 l\u2019article 3.1 et r\u00e9pondre \u00e0 l\u2019une des quatre conditions de reconnaissance suivantes :<\/p>\n<ul>\n<li>\u00eatre porteur d\u2019un grade de master en urbanisme ou am\u00e9nagement du territoire ou d\u2019un grade de master de sp\u00e9cialisation en urbanisme ou am\u00e9nagement du territoire, ou \u00eatre porteur d\u2019un titre dont la formation est jug\u00e9e \u00e9quivalente et class\u00e9e de niveau 7 du Cadre Europ\u00e9en des Certifications (CEC);<\/li>\n<li>\u00eatre agr\u00e9\u00e9 par les autorit\u00e9s publiques en mati\u00e8re de documents d\u2019\u00e9laboration des documents d\u2019urbanisme selon les dispositions l\u00e9gales en vigueur;<\/li>\n<li>\u00eatre membre effectif de la CUB avant 2010;<\/li>\n<li>\u00eatre porteur d\u2019un grade d\u2019un master connexe \u00e0 l\u2019urbanisme ou l\u2019am\u00e9nagement du territoire (g\u00e9ographe, architecte, bio-ing\u00e9nieur, architecte paysagiste, \u2026) ou d\u00e9montrer avoir exerc\u00e9 l\u2019urbanisme ou l\u2019am\u00e9nagement du territoire pendant trois ans de fa\u00e7on effective et significative.<\/li>\n<\/ul>\n<p>La qualit\u00e9 de <a href=\"https:\/\/urbanistes.be\/cub\/membres\/membres-honoraires\/\" target=\"_blank\" rel=\"noopener\"><strong>membre honoraire<\/strong><\/a> est r\u00e9serv\u00e9e aux anciens membres effectifs, n\u2019exer\u00e7ant plus la profession d\u2019urbaniste depuis deux ans au moins.<\/p>\n<p>Les anciens pr\u00e9sidents sont pr\u00e9sidents d\u2019honneur de droit, d\u00e8s leur remplacement au Conseil de Direction.<\/p>\n<p>La qualit\u00e9 de <strong>membre d\u00e9l\u00e9gu\u00e9<\/strong> est r\u00e9serv\u00e9e \u00e0 la personne repr\u00e9sentant une autorit\u00e9 publique r\u00e9pondant aux conditions de l\u2019article 3.1, au sein du Conseil de Direction de la CUB.<\/p>\n<hr \/>\n<p>Chaque membre, quelle que soit sa qualit\u00e9, prend l\u2019engagement :<\/p>\n<ul>\n<li>d\u2019adh\u00e9rer aux pr\u00e9sents statuts et au r\u00e8glement d\u2019ordre int\u00e9rieur et de les respecter;<\/li>\n<li>de payer la cotisation annuelle, d\u00e9termin\u00e9e par l\u2019Assembl\u00e9e G\u00e9n\u00e9rale, relative \u00e0 son appartenance \u00e0 une cat\u00e9gorie de membres;<\/li>\n<li>d\u2019observer les r\u00e8gles d\u00e9ontologiques adopt\u00e9es par la CUB, ainsi que tous les r\u00e8glements et d\u00e9cisions de la CUB;<\/li>\n<li>de recourir prioritairement \u00e0 la conciliation et \u00e0 l\u2019arbitrage organis\u00e9s par la CUB pour le r\u00e8glement de ses diff\u00e9rends avec ses coll\u00e8gues;<\/li>\n<li>de rechercher de commun accord avec la partie adverse, les moyens d\u2019aplanir, soit par la conciliation, soit par l\u2019arbitrage, tout diff\u00e9rend int\u00e9ressant la CUB.<\/li>\n<\/ul>\n<p><em>N.B. : Etre membre implique le payement d&#8217;une cotisation.<\/em><\/p>\n","protected":false},"excerpt":{"rendered":"<div class=\"post-excerpt\">Connexion membres La CUB se compose de membres dont la pratique professionnelle de l\u2019urbanisme ou de l\u2019am\u00e9nagement du territoire rel\u00e8ve des champs de la conception, de la gestion, de la&hellip;<\/div>\n","protected":false},"author":1,"featured_media":0,"parent":0,"menu_order":0,"comment_status":"closed","ping_status":"closed","template":"","meta":{"footnotes":""},"_links":{"self":[{"href":"https:\/\/urbanistes.be\/cub\/wp-json\/wp\/v2\/pages\/9"}],"collection":[{"href":"https:\/\/urbanistes.be\/cub\/wp-json\/wp\/v2\/pages"}],"about":[{"href":"https:\/\/urbanistes.be\/cub\/wp-json\/wp\/v2\/types\/page"}],"author":[{"embeddable":true,"href":"https:\/\/urbanistes.be\/cub\/wp-json\/wp\/v2\/users\/1"}],"replies":[{"embeddable":true,"href":"https:\/\/urbanistes.be\/cub\/wp-json\/wp\/v2\/comments?post=9"}],"version-history":[{"count":18,"href":"https:\/\/urbanistes.be\/cub\/wp-json\/wp\/v2\/pages\/9\/revisions"}],"predecessor-version":[{"id":2498,"href":"https:\/\/urbanistes.be\/cub\/wp-json\/wp\/v2\/pages\/9\/revisions\/2498"}],"wp:attachment":[{"href":"https:\/\/urbanistes.be\/cub\/wp-json\/wp\/v2\/media?parent=9"}],"curies":[{"name":"wp","href":"https:\/\/api.w.org\/{rel}","templated":true}]}}