{"id":898,"date":"2017-03-14T16:12:33","date_gmt":"2017-03-14T15:12:33","guid":{"rendered":"http:\/\/urbanistes.be\/cub\/?page_id=898"},"modified":"2024-05-20T17:31:58","modified_gmt":"2024-05-20T15:31:58","slug":"rapport-dactivites","status":"publish","type":"page","link":"https:\/\/urbanistes.be\/cub\/presentation\/rapport-dactivites\/","title":{"rendered":"Rapport d&#8217;activit\u00e9s"},"content":{"rendered":"<ul>\n<li>Rapport d&#8217;activit\u00e9s 2024<\/li>\n<li>Rapport d&#8217;activit\u00e9s 2023<\/li>\n<li>Rapport d&#8217;activit\u00e9s 2022<\/li>\n<li><a href=\"https:\/\/urbanistes.be\/cub\/wp-content\/uploads\/2021\/03\/Rapport-dactivite\u0301s-CUB-2020.pdf\" target=\"_blank\" rel=\"noopener\">Rapport d&#8217;activit\u00e9s 2020<\/a><\/li>\n<li><a href=\"https:\/\/urbanistes.be\/cub\/wp-content\/uploads\/2021\/03\/Rapport_Activites_CUB_2019.pdf\" target=\"_blank\" rel=\"noopener\">Rapport d&#8217;activit\u00e9s 2019<\/a><\/li>\n<li><a href=\"https:\/\/urbanistes.be\/cub\/wp-content\/uploads\/2019\/04\/Rapport_Activit\u00e9s_CUB_2018.pdf\" target=\"_blank\" rel=\"noopener noreferrer\">Rapport d&#8217;activit\u00e9s 2018<\/a><\/li>\n<li><a href=\"https:\/\/urbanistes.be\/cub\/wp-content\/uploads\/2018\/07\/Rapport_Activit\u00e9s_CUB_2017.pdf\" target=\"_blank\" rel=\"noopener noreferrer\"> Rapport d&#8217;activit\u00e9s 2017<\/a><\/li>\n<li><a href=\"https:\/\/urbanistes.be\/cub\/wp-content\/uploads\/2017\/03\/Rapport_Activit\u00e9s_CUB_2016.pdf\" target=\"_blank\" rel=\"noopener noreferrer\">Rapport d&#8217;activit\u00e9s 2016<\/a><\/li>\n<\/ul>\n","protected":false},"excerpt":{"rendered":"<div class=\"post-excerpt\">Rapport d&#8217;activit\u00e9s 2024 Rapport d&#8217;activit\u00e9s 2023 Rapport d&#8217;activit\u00e9s 2022 Rapport d&#8217;activit\u00e9s 2020 Rapport d&#8217;activit\u00e9s 2019 Rapport d&#8217;activit\u00e9s 2018 Rapport d&#8217;activit\u00e9s 2017 Rapport d&#8217;activit\u00e9s 2016<\/div>\n","protected":false},"author":1,"featured_media":0,"parent":5,"menu_order":0,"comment_status":"closed","ping_status":"closed","template":"","meta":{"footnotes":""},"_links":{"self":[{"href":"https:\/\/urbanistes.be\/cub\/wp-json\/wp\/v2\/pages\/898"}],"collection":[{"href":"https:\/\/urbanistes.be\/cub\/wp-json\/wp\/v2\/pages"}],"about":[{"href":"https:\/\/urbanistes.be\/cub\/wp-json\/wp\/v2\/types\/page"}],"author":[{"embeddable":true,"href":"https:\/\/urbanistes.be\/cub\/wp-json\/wp\/v2\/users\/1"}],"replies":[{"embeddable":true,"href":"https:\/\/urbanistes.be\/cub\/wp-json\/wp\/v2\/comments?post=898"}],"version-history":[{"count":11,"href":"https:\/\/urbanistes.be\/cub\/wp-json\/wp\/v2\/pages\/898\/revisions"}],"predecessor-version":[{"id":2954,"href":"https:\/\/urbanistes.be\/cub\/wp-json\/wp\/v2\/pages\/898\/revisions\/2954"}],"up":[{"embeddable":true,"href":"https:\/\/urbanistes.be\/cub\/wp-json\/wp\/v2\/pages\/5"}],"wp:attachment":[{"href":"https:\/\/urbanistes.be\/cub\/wp-json\/wp\/v2\/media?parent=898"}],"curies":[{"name":"wp","href":"https:\/\/api.w.org\/{rel}","templated":true}]}}