{"id":69,"date":"2016-10-30T19:17:05","date_gmt":"2016-10-30T18:17:05","guid":{"rendered":"http:\/\/urbanistes.be\/cub\/?page_id=69"},"modified":"2021-04-05T09:17:22","modified_gmt":"2021-04-05T07:17:22","slug":"tresoriere","status":"publish","type":"page","link":"https:\/\/urbanistes.be\/cub\/groupes-de-travail\/tresoriere\/","title":{"rendered":"Tr\u00e9sori\u00e8re"},"content":{"rendered":"<h2><img decoding=\"async\" class=\"alignnone size-full wp-image-2597\" src=\"https:\/\/urbanistes.be\/cub\/wp-content\/uploads\/2021\/04\/Clotilde-fally.jpg\" alt=\"\" width=\"147\" height=\"147\" srcset=\"https:\/\/urbanistes.be\/cub\/wp-content\/uploads\/2021\/04\/Clotilde-fally.jpg 147w, https:\/\/urbanistes.be\/cub\/wp-content\/uploads\/2021\/04\/Clotilde-fally-100x100.jpg 100w\" sizes=\"(max-width: 147px) 100vw, 147px\" \/><\/h2>\n<h2>Clotilde Fally<\/h2>\n<p>Architecte &amp; Urbaniste &#8211; Development Director chez Immobel<br \/>\nDepuis juillet 2020<\/p>\n<h4>Formation<\/h4>\n<p>Barcelona<br \/>\nSports Facilities Management<br \/>\n2019\u00a0\u2013\u00a02019<\/p>\n<p>Solvay Brussels School of Economics &amp; Management<br \/>\nMaster in Management &#8211; Finance<br \/>\n2010 \u2013 2012<br \/>\nThesis: \u201cFinancial valuation of brands in mergers &amp; acquisitions cases\u201d.<\/p>\n<p>UCLouvain &#8211; Universit\u00e9 catholique de Louvain<br \/>\nFacult\u00e9 des Sciences Appliqu\u00e9es &#8211; Urbanisme et D\u00e9veloppement Territorial<br \/>\n2006 \u2013 2008<\/p>\n<p>Institut sup\u00e9rieur d&#8217;Architecture &#8216;Saint-Luc&#8217; de Wallonie &#8211; Site de Tournai<br \/>\nMaster\u2019s Degree &#8211; Architecture<br \/>\n2001 \u2013 2006<\/p>\n<p>ETSAV &#8211; Escuela Tecnica Superior de Arquitectura de Valencia<br \/>\nArquitectura &#8211; Urbanismo<br \/>\n2004 \u2013 2005<\/p>\n","protected":false},"excerpt":{"rendered":"<div class=\"post-excerpt\">Clotilde Fally Architecte &amp; Urbaniste &#8211; Development Director chez Immobel Depuis juillet 2020 Formation Barcelona Sports Facilities Management 2019\u00a0\u2013\u00a02019 Solvay Brussels School of Economics &amp; Management Master in Management &#8211;&hellip;<\/div>\n","protected":false},"author":1,"featured_media":0,"parent":21,"menu_order":0,"comment_status":"closed","ping_status":"closed","template":"","meta":{"footnotes":""},"_links":{"self":[{"href":"https:\/\/urbanistes.be\/cub\/wp-json\/wp\/v2\/pages\/69"}],"collection":[{"href":"https:\/\/urbanistes.be\/cub\/wp-json\/wp\/v2\/pages"}],"about":[{"href":"https:\/\/urbanistes.be\/cub\/wp-json\/wp\/v2\/types\/page"}],"author":[{"embeddable":true,"href":"https:\/\/urbanistes.be\/cub\/wp-json\/wp\/v2\/users\/1"}],"replies":[{"embeddable":true,"href":"https:\/\/urbanistes.be\/cub\/wp-json\/wp\/v2\/comments?post=69"}],"version-history":[{"count":9,"href":"https:\/\/urbanistes.be\/cub\/wp-json\/wp\/v2\/pages\/69\/revisions"}],"predecessor-version":[{"id":2598,"href":"https:\/\/urbanistes.be\/cub\/wp-json\/wp\/v2\/pages\/69\/revisions\/2598"}],"up":[{"embeddable":true,"href":"https:\/\/urbanistes.be\/cub\/wp-json\/wp\/v2\/pages\/21"}],"wp:attachment":[{"href":"https:\/\/urbanistes.be\/cub\/wp-json\/wp\/v2\/media?parent=69"}],"curies":[{"name":"wp","href":"https:\/\/api.w.org\/{rel}","templated":true}]}}