{"id":63,"date":"2016-10-30T19:16:20","date_gmt":"2016-10-30T18:16:20","guid":{"rendered":"http:\/\/urbanistes.be\/cub\/?page_id=63"},"modified":"2020-08-19T23:42:37","modified_gmt":"2020-08-19T21:42:37","slug":"president","status":"publish","type":"page","link":"https:\/\/urbanistes.be\/cub\/groupes-de-travail\/president\/","title":{"rendered":"Pr\u00e9sident"},"content":{"rendered":"<h2><img decoding=\"async\" class=\"alignnone size-full wp-image-495\" src=\"http:\/\/urbanistes.be\/cub\/wp-content\/uploads\/2016\/10\/SPE_133.jpg\" alt=\"\" width=\"113\" height=\"150\" \/><br \/>\nSerge Peeters<\/h2>\n<p><strong>Urbaniste &amp;<\/strong> <strong>architecte<\/strong>,administrateur de<a href=\"http:\/\/www.roose.be\"><strong> ROOSE PEETERS ARCHITECTS + U <\/strong><\/a>\u00e0 Bruxelles<strong><br \/>\n<\/strong>Depuis 2020 &#8211;<\/p>\n<p><strong>Urbaniste &amp; architecte<\/strong>, g\u00e9rant de A.A.<strong> la Pyramide<\/strong> \u00e0 Bruxelles<strong><br \/>\n<\/strong>Depuis 1996-<\/p>\n<p><strong>Directeur des architectes<\/strong> &#8211; Pairi Daiza \u00e0 Brugelette<br \/>\nDepuis 2018-2019<\/p>\n<p><strong>Past administrateur d\u00e9l\u00e9gu\u00e9<\/strong> du bureau d\u2019\u00e9tudes en urbanisme <a href=\"http:\/\/agora-urba.eu\" target=\"_blank\" rel=\"noopener noreferrer\">Agora <\/a>\u00e0 Bruxelles<br \/>\nDepuis 2007-2018<br \/>\n<strong>Past g\u00e9rant<\/strong> <a href=\"http:\/\/agora-archi.be\" target=\"_blank\" rel=\"noopener noreferrer\">Agora architecture<\/a> \u00e0 Bruxelles<br \/>\nDepuis 2015-2018<\/p>\n<p><strong>Charg\u00e9 de cours \u00e0 la Facult\u00e9 d&#8217;architecture La Cambre Horta de l&#8217;ULB<\/strong><br \/>\n<a href=\"https:\/\/archi.ulb.be\/\">Master en ARCHITECTURE<\/a><br \/>\n<a href=\"http:\/\/www.architecturedupaysage.be\/\">Master en ARCHITECTURE DU PAYSAGE<\/a> avec ULi\u00e8ge et HECh<br \/>\n<a href=\"https:\/\/archi.ulb.be\/master-de-specialisation-urbanisme-de-la-transition-et-amenagement-du-territoire\">Master de sp\u00e9cialisation en URBANISME DE LA TRANSITION ET AM\u00c9NAGEMENT DU TERRITOIRE<\/a><\/p>\n<p><strong>Enseignant et coordinateur<\/strong> <strong>p\u00e9dagogique<\/strong> dans le cycle de base en Management Public Local, pour le module GESTION URBAINE<br \/>\nULB inemap (Institut Europ\u00e9en de Management Public)\u00a0\u00e0 <a href=\"http:\/\/www.erap-gsob.irisnet.be\" target=\"_blank\" rel=\"noopener noreferrer\">ERAP<\/a>, Ecole R\u00e9gionale d&#8217;Administration Publique de Bruxelles<\/p>\n<p><strong>Past-Collaborateur<\/strong><br \/>\n<a href=\"http:\/\/batir.ulb.ac.be\/\" target=\"_blank\" rel=\"noopener noreferrer\">service BATir<\/a>, \u00e9cole polytechnique de Bruxelles &#8211; ULB. Construction, architecture et urbanisme<br \/>\nDe janvier 2006 jusque septembre 2016.<br \/>\n<strong>Fondateur et past-tr\u00e9sorier<\/strong><br \/>\n<a href=\"http:\/\/fedeie.be\/\" target=\"_blank\" rel=\"noopener noreferrer\">fedEiE <\/a>&#8211; F\u00e9d\u00e9ration des bureaux agr\u00e9\u00e9s en Etudes d\u2019Incidences sur l\u2019Environnement<br \/>\n<strong>Fondateur et past-administrateur<\/strong><br \/>\n<a href=\"http:\/\/www.fondationciva.brussels\/\" target=\"_blank\" rel=\"noopener noreferrer\">fondation CIVA\u00a0Stichting\u00a0<\/a><br \/>\n<strong>Past-pr\u00e9sident<\/strong><br \/>\nBiblioth\u00e8que Ren\u00e9 Pech\u00e8re &#8211;\u00a0Centre R\u00e9gional Bruxellois de Documentation sur l&#8217;Urbanisme et de l&#8217;Architecture Paysag\u00e8re asbl<br \/>\n<strong>Membre<\/strong><br \/>\n<a href=\"http:\/\/www.beci.be\" target=\"_blank\" rel=\"noopener noreferrer\">BECI <\/a>(Chambre de Commerce &amp; Union des Entreprises de Bruxelles)<\/p>\n<p><strong>Pr\u00e9sident<\/strong><br \/>\nAUBr &#8211; Association des Urbanistes de Bruxelles, dipl\u00f4m\u00e9s de l&#8217;ULB<\/p>\n<h4>Formation :<\/h4>\n<p><strong>Universit\u00e9 libre de Bruxelles &#8211; IUAT<\/strong><br \/>\nurbaniste, licenci\u00e9 en Art de B\u00e2tir<br \/>\n1998 \u2013 1999<\/p>\n<p><strong>Institut Sup\u00e9rieur d&#8217;Architecture Intercommunal &#8211; Site de Bruxelles &#8211; Victor Horta<\/strong><br \/>\nArchitecte<br \/>\n1984-1989<\/p>\n\n<div class=\"wpcf7 no-js\" id=\"wpcf7-f295-o1\" lang=\"fr-FR\" dir=\"ltr\">\n<div class=\"screen-reader-response\"><p role=\"status\" aria-live=\"polite\" aria-atomic=\"true\"><\/p> <ul><\/ul><\/div>\n<form action=\"\/cub\/wp-json\/wp\/v2\/pages\/63#wpcf7-f295-o1\" method=\"post\" class=\"wpcf7-form init\" aria-label=\"Formulaire de contact\" novalidate=\"novalidate\" data-status=\"init\">\n<div style=\"display: none;\">\n<input type=\"hidden\" name=\"_wpcf7\" value=\"295\" \/>\n<input type=\"hidden\" name=\"_wpcf7_version\" value=\"5.9.8\" \/>\n<input type=\"hidden\" name=\"_wpcf7_locale\" value=\"fr_FR\" \/>\n<input type=\"hidden\" name=\"_wpcf7_unit_tag\" value=\"wpcf7-f295-o1\" \/>\n<input type=\"hidden\" name=\"_wpcf7_container_post\" value=\"0\" \/>\n<input type=\"hidden\" name=\"_wpcf7_posted_data_hash\" value=\"\" \/>\n<\/div>\n<label> Votre nom (obligatoire)<\/br>\n<div class=\"form-group your-name\"><input class=\"wpcf7-form-control wpcf7-text wpcf7-validates-as-required form-control\" name=\"your-name\" type=\"text\" value=\"\" aria-invalid=\"false\" aria-required=\"true\" required><\/div> <\/label>\n<br>\n<label> Votre e-mail (obligatoire)<\/br>\n<div class=\"form-group your-email\"><input class=\"wpcf7-form-control wpcf7-email wpcf7-validates-as-required wpcf7-text wpcf7-validates-as-email form-control\" name=\"your-email\" type=\"email\" value=\"\" aria-invalid=\"false\" aria-required=\"true\" required><\/div> <\/label>\n<br>\n<label> Sujet<\/br>\n<div class=\"form-group your-subject\"><input class=\"wpcf7-form-control wpcf7-text form-control\" name=\"your-subject\" type=\"text\" value=\"\" aria-invalid=\"false\"><\/div> <\/label>\n<br>\n<label> Votre message<\/br>\n<div class=\"form-group your-message\"><textarea class=\"wpcf7-form-control wpcf7-textarea form-control\" name=\"your-message\" rows=\"4\" aria-invalid=\"false\"><\/textarea><\/div> <\/label>\n<br>\n<div class=\"form-group\"><div><input class=\"wpcf7-form-control wpcf7-submit btn btn-primary\" type=\"submit\" value=\"Envoyer\"><\/div><\/div><div class=\"wpcf7-response-output alert alert-warning\"><\/div>\n<\/form>\n<\/div>\n\n","protected":false},"excerpt":{"rendered":"<div class=\"post-excerpt\">Serge Peeters Urbaniste &amp; architecte,administrateur de ROOSE PEETERS ARCHITECTS + U \u00e0 Bruxelles Depuis 2020 &#8211; Urbaniste &amp; architecte, g\u00e9rant de A.A. la Pyramide \u00e0 Bruxelles Depuis 1996- Directeur des&hellip;<\/div>\n","protected":false},"author":1,"featured_media":0,"parent":21,"menu_order":0,"comment_status":"closed","ping_status":"closed","template":"","meta":{"footnotes":""},"_links":{"self":[{"href":"https:\/\/urbanistes.be\/cub\/wp-json\/wp\/v2\/pages\/63"}],"collection":[{"href":"https:\/\/urbanistes.be\/cub\/wp-json\/wp\/v2\/pages"}],"about":[{"href":"https:\/\/urbanistes.be\/cub\/wp-json\/wp\/v2\/types\/page"}],"author":[{"embeddable":true,"href":"https:\/\/urbanistes.be\/cub\/wp-json\/wp\/v2\/users\/1"}],"replies":[{"embeddable":true,"href":"https:\/\/urbanistes.be\/cub\/wp-json\/wp\/v2\/comments?post=63"}],"version-history":[{"count":33,"href":"https:\/\/urbanistes.be\/cub\/wp-json\/wp\/v2\/pages\/63\/revisions"}],"predecessor-version":[{"id":2297,"href":"https:\/\/urbanistes.be\/cub\/wp-json\/wp\/v2\/pages\/63\/revisions\/2297"}],"up":[{"embeddable":true,"href":"https:\/\/urbanistes.be\/cub\/wp-json\/wp\/v2\/pages\/21"}],"wp:attachment":[{"href":"https:\/\/urbanistes.be\/cub\/wp-json\/wp\/v2\/media?parent=63"}],"curies":[{"name":"wp","href":"https:\/\/api.w.org\/{rel}","templated":true}]}}