{"id":61,"date":"2016-10-30T19:16:08","date_gmt":"2016-10-30T18:16:08","guid":{"rendered":"http:\/\/urbanistes.be\/cub\/?page_id=61"},"modified":"2025-02-04T12:43:48","modified_gmt":"2025-02-04T11:43:48","slug":"presentation","status":"publish","type":"page","link":"https:\/\/urbanistes.be\/cub\/groupes-de-travail\/presentation\/","title":{"rendered":"Pr\u00e9sentation de l&#8217;\u00e9quipe"},"content":{"rendered":"<p>Apr\u00e8s d\u00e9lib\u00e9ration au sein du Conseil de Direction \u00e0 l&#8217;issue de l&#8217;AG de 2024, les fonctions ont \u00e9t\u00e9 r\u00e9parties comme suit :<\/p>\n<pre>Pr\u00e9sident : <a href=\"https:\/\/urbanistes.be\/cub\/groupes-de-travail\/president\/\">Serge Peeters<\/a> (2022-2026)\r\nSecr\u00e9taire g\u00e9n\u00e9ral : <a href=\"https:\/\/urbanistes.be\/cub\/groupes-de-travail\/secretaire\/\">Renaud Daele<\/a> (2022-2026)\r\nSecr\u00e9taire adjoint : Jean-Claude de Brauwer (2024-2028)\r\nTr\u00e9sori\u00e8re : <a href=\"https:\/\/urbanistes.be\/cub\/user\/fally\/\">Clotilde Fally<\/a> (2022-2026)\r\nConseillers :<\/pre>\n<ul>\n<li><a href=\"https:\/\/urbanistes.be\/cub\/user\/xma\">Xavier Mariage<\/a> (2022-2026)<\/li>\n<li><a href=\"https:\/\/urbanistes.be\/cub\/user\/pla\">Pierre Laconte<\/a> (2024-2028)<\/li>\n<li><a href=\"https:\/\/urbanistes.be\/cub\/user\/jpo\/\">Joseph Polet<\/a> (2024-2028)<\/li>\n<li><a href=\"https:\/\/urbanistes.be\/cub\/user\/tilman\/\">Sophie Tilman<\/a> (2024 &#8211; 2028)<\/li>\n<li><a href=\"https:\/\/urbanistes.be\/cub\/user\/catherine.vilquinxm-u-eu\/\">Catherine Vilquin<\/a> ( 2024 &#8211; 2028) d\u00e9l\u00e9gu\u00e9 ECTP-CEU<\/li>\n<\/ul>\n","protected":false},"excerpt":{"rendered":"<div class=\"post-excerpt\">Apr\u00e8s d\u00e9lib\u00e9ration au sein du Conseil de Direction \u00e0 l&#8217;issue de l&#8217;AG de 2024, les fonctions ont \u00e9t\u00e9 r\u00e9parties comme suit : Pr\u00e9sident : Serge Peeters (2022-2026) Secr\u00e9taire g\u00e9n\u00e9ral :&hellip;<\/div>\n","protected":false},"author":1,"featured_media":0,"parent":21,"menu_order":0,"comment_status":"closed","ping_status":"closed","template":"","meta":{"footnotes":""},"_links":{"self":[{"href":"https:\/\/urbanistes.be\/cub\/wp-json\/wp\/v2\/pages\/61"}],"collection":[{"href":"https:\/\/urbanistes.be\/cub\/wp-json\/wp\/v2\/pages"}],"about":[{"href":"https:\/\/urbanistes.be\/cub\/wp-json\/wp\/v2\/types\/page"}],"author":[{"embeddable":true,"href":"https:\/\/urbanistes.be\/cub\/wp-json\/wp\/v2\/users\/1"}],"replies":[{"embeddable":true,"href":"https:\/\/urbanistes.be\/cub\/wp-json\/wp\/v2\/comments?post=61"}],"version-history":[{"count":53,"href":"https:\/\/urbanistes.be\/cub\/wp-json\/wp\/v2\/pages\/61\/revisions"}],"predecessor-version":[{"id":3003,"href":"https:\/\/urbanistes.be\/cub\/wp-json\/wp\/v2\/pages\/61\/revisions\/3003"}],"up":[{"embeddable":true,"href":"https:\/\/urbanistes.be\/cub\/wp-json\/wp\/v2\/pages\/21"}],"wp:attachment":[{"href":"https:\/\/urbanistes.be\/cub\/wp-json\/wp\/v2\/media?parent=61"}],"curies":[{"name":"wp","href":"https:\/\/api.w.org\/{rel}","templated":true}]}}