{"id":53,"date":"2016-02-24T19:14:10","date_gmt":"2016-02-24T18:14:10","guid":{"rendered":"http:\/\/urbanistes.be\/cub\/?page_id=53"},"modified":"2021-01-22T15:32:06","modified_gmt":"2021-01-22T14:32:06","slug":"code-de-deontologie","status":"publish","type":"page","link":"https:\/\/urbanistes.be\/cub\/documents-statutaires\/code-de-deontologie\/","title":{"rendered":"Code de d\u00e9ontologie"},"content":{"rendered":"<p><a href=\"https:\/\/urbanistes.be\/wp-content\/docs\/CUB_Code_D\u00e9ontologie_V_Site_Internet.pdf\" target=\"_blank\" rel=\"noopener\">D\u00e9ontologie des urbanistes<\/a><\/p>\n<p>Texte arr\u00eat\u00e9 par l\u2019Assembl\u00e9e g\u00e9n\u00e9rale de la Chambre des Urbanistes de Belgique du 24.02.2016<\/p>\n","protected":false},"excerpt":{"rendered":"<div class=\"post-excerpt\">D\u00e9ontologie des urbanistes Texte arr\u00eat\u00e9 par l\u2019Assembl\u00e9e g\u00e9n\u00e9rale de la Chambre des Urbanistes de Belgique du 24.02.2016<\/div>\n","protected":false},"author":1,"featured_media":0,"parent":11,"menu_order":0,"comment_status":"closed","ping_status":"closed","template":"","meta":{"footnotes":""},"_links":{"self":[{"href":"https:\/\/urbanistes.be\/cub\/wp-json\/wp\/v2\/pages\/53"}],"collection":[{"href":"https:\/\/urbanistes.be\/cub\/wp-json\/wp\/v2\/pages"}],"about":[{"href":"https:\/\/urbanistes.be\/cub\/wp-json\/wp\/v2\/types\/page"}],"author":[{"embeddable":true,"href":"https:\/\/urbanistes.be\/cub\/wp-json\/wp\/v2\/users\/1"}],"replies":[{"embeddable":true,"href":"https:\/\/urbanistes.be\/cub\/wp-json\/wp\/v2\/comments?post=53"}],"version-history":[{"count":5,"href":"https:\/\/urbanistes.be\/cub\/wp-json\/wp\/v2\/pages\/53\/revisions"}],"predecessor-version":[{"id":2518,"href":"https:\/\/urbanistes.be\/cub\/wp-json\/wp\/v2\/pages\/53\/revisions\/2518"}],"up":[{"embeddable":true,"href":"https:\/\/urbanistes.be\/cub\/wp-json\/wp\/v2\/pages\/11"}],"wp:attachment":[{"href":"https:\/\/urbanistes.be\/cub\/wp-json\/wp\/v2\/media?parent=53"}],"curies":[{"name":"wp","href":"https:\/\/api.w.org\/{rel}","templated":true}]}}