{"id":529,"date":"2017-01-10T13:52:18","date_gmt":"2017-01-10T12:52:18","guid":{"rendered":"http:\/\/urbanistes.be\/cub\/?page_id=529"},"modified":"2021-01-22T15:38:02","modified_gmt":"2021-01-22T14:38:02","slug":"partenaires","status":"publish","type":"page","link":"https:\/\/urbanistes.be\/cub\/partenaires\/","title":{"rendered":"Liens"},"content":{"rendered":"<p><strong>For Urban Passion (FUP)<br \/>\n<a href=\"https:\/\/urbanistes.be\/fup\/\" target=\"_blank\" rel=\"noopener noreferrer\">Site Internet<\/a><\/strong><\/p>\n<p><strong>Les Maisons de l&#8217;Urbanisme<br \/>\n<a href=\"http:\/\/spw.wallonie.be\/dgo4\/site_amenagement\/index.php\/amenagement\/maisonsurbanisme\" target=\"_blank\" rel=\"noopener noreferrer\">Site Internet<\/a><\/strong><\/p>\n<p><strong>FedEiE (F\u00e9d\u00e9ration des bureaux agr\u00e9\u00e9s en \u00e9tudes d&#8217;incidences sur l&#8217;environnement)<br \/>\n<a href=\"http:\/\/fedeie.be\/\" target=\"_blank\" rel=\"noopener noreferrer\">Site Internet<\/a><\/strong><\/p>\n<p><strong>F\u00e9d\u00e9ration bruxelloise de l&#8217;urbanisme (FUB-BFS)<br \/>\n<a href=\"http:\/\/www.fbu-bfs.be\/\" target=\"_blank\" rel=\"noopener noreferrer\">Site Internet<\/a><\/strong><\/p>\n<p><strong>CIVA<br \/>\n<a href=\"http:\/\/www.civa.brussels\" target=\"_blank\" rel=\"noopener noreferrer\">Site Internet<\/a><\/strong><\/p>\n<p><strong>Vlaamse vereniging voor ruimte &amp; planning (VRP)<br \/>\n<\/strong><a href=\"http:\/\/www.vrp.be\/\" target=\"_blank\" rel=\"noopener noreferrer\">Site Internet<\/a><\/p>\n<p><strong>Foundation for urban environment (FFUE)<br \/>\n<\/strong><a href=\"https:\/\/www.ffue.org\/\" target=\"_blank\" rel=\"noopener noreferrer\">Site Internet<\/a><\/p>\n<p><strong>European Council of Spatial Planners &#8211; Conseil Europ\u00e9en des Urbanistes<br \/>\n<\/strong><a href=\"http:\/\/www.ectp-ceu.eu\/index.php\/en\/\" target=\"_blank\" rel=\"noopener noreferrer\">Site Internet<\/a><\/p>\n<p><strong>Conf\u00e9rence du Conseil de l\u2019Europe des ministres responsables de l\u2019am\u00e9nagement du territoire (CEMAT)<br \/>\n<\/strong><a href=\"https:\/\/www.coe.int\/fr\/web\/conference-ministers-spatial-planning\" target=\"_blank\" rel=\"noopener noreferrer\">Site Internet<\/a><\/p>\n<p><strong>Isocarp (International Society of City and Regional Planners)<br \/>\n<\/strong><a href=\"https:\/\/isocarp.org\/\" target=\"_blank\" rel=\"noopener noreferrer\">Site Internet<\/a><\/p>\n<p><strong>ICOMOS (<b>International Council on Monuments and Sites<\/b>)<br \/>\n<\/strong><a href=\"http:\/\/www.icomos.org\" target=\"_blank\" rel=\"noopener noreferrer\">Site Internet<\/a><\/p>\n<p><strong>Soci\u00e9t\u00e9 Fran\u00e7aise des Urbanistes<br \/>\n<\/strong><a href=\"http:\/\/www.urbaniste.com\/\" target=\"_blank\" rel=\"noopener noreferrer\">Site Internet<\/a><\/p>\n<p><strong>Office Professionnel de Qualification des Urbanistes<br \/>\n<\/strong><a href=\"http:\/\/www.opqu.org\/\" target=\"_blank\" rel=\"noopener noreferrer\">Site Internet<\/a><\/p>\n<p><strong>F\u00e9d\u00e9ration Suisse des Urbanistes<br \/>\n<\/strong><a href=\"http:\/\/www.f-s-u.ch\/index.php?setLang=3\" target=\"_blank\" rel=\"noopener noreferrer\">Site Internet<\/a><\/p>\n<p><strong>APERAU (Association pour la Promotion \u00a0de l\u2019Enseignement et de la Recherche en Am\u00e9nagement et Urbanisme)<br \/>\n<\/strong><a href=\"https:\/\/www.aperau.org\/\" target=\"_blank\" rel=\"noopener noreferrer\">Site Internet<\/a><\/p>\n<p><strong>GPEAN (Global Planning Education Association Network)<br \/>\n<\/strong><a href=\"http:\/\/www.gpean.org\/\" target=\"_blank\" rel=\"noopener noreferrer\">Site Internet<\/a><\/p>\n<p><strong>The American Institute of Certified Planners (AICP)<br \/>\n<\/strong><a href=\"http:\/\/www.planning.org\/aicp\/\" target=\"_blank\" rel=\"noopener noreferrer\">Site Internet<\/a><\/p>\n<p><strong>American Planning Association (APA)<br \/>\n<\/strong><a href=\"https:\/\/www.planning.org\/\" target=\"_blank\" rel=\"noopener noreferrer\">Site Internet<\/a><\/p>\n<hr \/>\n<p><strong>Association belge des architectes de jardins et des architectes paysagistes &#8211; Belgische Vereniging van Tuin- en Landschapsarchitecten<br \/>\n<\/strong><a href=\"http:\/\/www.abajp.be\" target=\"_blank\" rel=\"noopener noreferrer\">Site Internet<\/a><\/p>\n<p><strong>International federation of landscape architects (IFLA)<br \/>\n<\/strong><a href=\"https:\/\/www.iflaworld.com\/\" target=\"_blank\" rel=\"noopener noreferrer\">Site Internet<\/a><\/p>\n<hr \/>\n<p><strong>F\u00e9d\u00e9ration des soci\u00e9t\u00e9s d&#8217;architectes de Belgique (FAB) Federatie van de architectenverniginden van Belg\u00efe<br \/>\n<\/strong><a href=\"http:\/\/www.fab-arch.be\/\" target=\"_blank\" rel=\"noopener noreferrer\">Site Internet<\/a><\/p>\n<p><strong>Architects in Brussel (ARiB)<br \/>\n<\/strong><a href=\"http:\/\/www.arib.be\/\" target=\"_blank\" rel=\"noopener noreferrer\">Site Internet<\/a><\/p>\n<p><strong>UWA<\/strong> (Union wallonne des architectes)<br \/>\n<a href=\"http:\/\/www.uwa.be\/\" target=\"_blank\" rel=\"noopener noreferrer\">Site Internet<\/a><\/p>\n<p>&nbsp;<\/p>\n<p><em>S&#8217;il manque un lien important, n&#8217;h\u00e9sitez pas \u00e0 nous le faire savoir&#8230;<\/em><\/p>\n<p><!-- o ignored --><\/p>\n","protected":false},"excerpt":{"rendered":"<div class=\"post-excerpt\">For Urban Passion (FUP) Site Internet Les Maisons de l&#8217;Urbanisme Site Internet FedEiE (F\u00e9d\u00e9ration des bureaux agr\u00e9\u00e9s en \u00e9tudes d&#8217;incidences sur l&#8217;environnement) Site Internet F\u00e9d\u00e9ration bruxelloise de l&#8217;urbanisme (FUB-BFS) Site&hellip;<\/div>\n","protected":false},"author":1,"featured_media":0,"parent":0,"menu_order":0,"comment_status":"closed","ping_status":"closed","template":"","meta":{"footnotes":""},"_links":{"self":[{"href":"https:\/\/urbanistes.be\/cub\/wp-json\/wp\/v2\/pages\/529"}],"collection":[{"href":"https:\/\/urbanistes.be\/cub\/wp-json\/wp\/v2\/pages"}],"about":[{"href":"https:\/\/urbanistes.be\/cub\/wp-json\/wp\/v2\/types\/page"}],"author":[{"embeddable":true,"href":"https:\/\/urbanistes.be\/cub\/wp-json\/wp\/v2\/users\/1"}],"replies":[{"embeddable":true,"href":"https:\/\/urbanistes.be\/cub\/wp-json\/wp\/v2\/comments?post=529"}],"version-history":[{"count":16,"href":"https:\/\/urbanistes.be\/cub\/wp-json\/wp\/v2\/pages\/529\/revisions"}],"predecessor-version":[{"id":2525,"href":"https:\/\/urbanistes.be\/cub\/wp-json\/wp\/v2\/pages\/529\/revisions\/2525"}],"wp:attachment":[{"href":"https:\/\/urbanistes.be\/cub\/wp-json\/wp\/v2\/media?parent=529"}],"curies":[{"name":"wp","href":"https:\/\/api.w.org\/{rel}","templated":true}]}}