{"id":5,"date":"2016-10-30T19:04:14","date_gmt":"2016-10-30T18:04:14","guid":{"rendered":"http:\/\/urbanistes.be\/cub\/?page_id=5"},"modified":"2016-11-04T01:18:41","modified_gmt":"2016-11-04T00:18:41","slug":"presentation","status":"publish","type":"page","link":"https:\/\/urbanistes.be\/cub\/presentation\/","title":{"rendered":"Pr\u00e9sentation"},"content":{"rendered":"<p>La chambre des urbanistes de Belgique, en abr\u00e9g\u00e9 C.U.B., est une <strong>union professionnelle<\/strong> fond\u00e9e en 1962.<\/p>\n<p>Cr\u00e9\u00e9e alors que la Belgique \u00e9tait encore un \u00e9tat unitaire, elle visait \u00e0 mettre en place une structure juridique permettant de r\u00e9guler, suivant le prescrit de la loi, le travail des prestataires de services repris sous le label g\u00e9n\u00e9raliste d\u2019 <strong>URBANISTES<\/strong>.<\/p>\n<p><strong>Longtemps, la CUB s\u2019est impos\u00e9e de d\u00e9fendre, guider et promouvoir le travail des Urbanistes Belges dont le titre n\u2019est ni prot\u00e9g\u00e9 ni reconnu.<\/strong><\/p>\n<p>La r\u00e9gionalisation d\u2019un \u00e9tat unitaire mu\u00e9 en \u00e9tat f\u00e9d\u00e9ral a cr\u00e9\u00e9 les conditions d\u2019une s\u00e9paration entre les urbanistes francophones et n\u00e9erlandophones, ces derniers se regroupant au sein d\u2019une ASBL, le VRP.<\/p>\n<p>R\u00e9cemment, la CUB s\u2019est structur\u00e9e de mani\u00e8re telle \u00e0 disposer d\u2019une ASBL, qui en est une \u00e9manation (FUP).<\/p>\n<p>Cette union professionnelle, la CUB, forte de ses quelques <strong>170 membres<\/strong>, s\u2019est fix\u00e9e d\u00e9sormais comme objectif d\u2019\u0153uvrer \u00e0 la protection d\u2019un titre qui, pour \u00eatre reconnu, devra r\u00e9pondre \u00e0 certains crit\u00e8res, dont celui d\u2019avoir suivi une formation universitaire de niveau Master II.<\/p>\n<p><strong>Le conseil europ\u00e9en des urbanistes<\/strong>, dont la CUB est un des membres fondateurs, s\u2019emploie \u00e0 cr\u00e9er les conditions d\u2019une reconnaissance europ\u00e9enne de ces formations dispens\u00e9es notamment par plusieurs universit\u00e9s et \u00e9tablissements d\u2019enseignement sup\u00e9rieur en Belgique.<\/p>\n<p>La CUB valorise l\u2019exp\u00e9rience de ses membres par <strong>l\u2019\u00e9laboration et la mise \u00e0 jour de documents r\u00e9f\u00e9rentiels<\/strong> utiles aux institutions publiques ou priv\u00e9es dans le cadre de missions sp\u00e9cifiques au prescrit des l\u00e9gislations en vigueur dans nos r\u00e9gions.<\/p>\n<p>La CUB est <strong>dirig\u00e9e par un conseil de direction renouvel\u00e9 tous les 4 ans<\/strong>, comptant parmi ses membres des repr\u00e9sentants des R\u00e9gions Bruxelloise et Wallonne.<\/p>\n<h5><em>N\u00b0 d&#8217;entreprise : 0412.644.829 &#8211; Forme juridique : Union professionnelle<\/em><\/h5>\n","protected":false},"excerpt":{"rendered":"<div class=\"post-excerpt\">La chambre des urbanistes de Belgique, en abr\u00e9g\u00e9 C.U.B., est une union professionnelle fond\u00e9e en 1962. Cr\u00e9\u00e9e alors que la Belgique \u00e9tait encore un \u00e9tat unitaire, elle visait \u00e0 mettre&hellip;<\/div>\n","protected":false},"author":1,"featured_media":0,"parent":0,"menu_order":0,"comment_status":"closed","ping_status":"closed","template":"","meta":{"footnotes":""},"_links":{"self":[{"href":"https:\/\/urbanistes.be\/cub\/wp-json\/wp\/v2\/pages\/5"}],"collection":[{"href":"https:\/\/urbanistes.be\/cub\/wp-json\/wp\/v2\/pages"}],"about":[{"href":"https:\/\/urbanistes.be\/cub\/wp-json\/wp\/v2\/types\/page"}],"author":[{"embeddable":true,"href":"https:\/\/urbanistes.be\/cub\/wp-json\/wp\/v2\/users\/1"}],"replies":[{"embeddable":true,"href":"https:\/\/urbanistes.be\/cub\/wp-json\/wp\/v2\/comments?post=5"}],"version-history":[{"count":7,"href":"https:\/\/urbanistes.be\/cub\/wp-json\/wp\/v2\/pages\/5\/revisions"}],"predecessor-version":[{"id":281,"href":"https:\/\/urbanistes.be\/cub\/wp-json\/wp\/v2\/pages\/5\/revisions\/281"}],"wp:attachment":[{"href":"https:\/\/urbanistes.be\/cub\/wp-json\/wp\/v2\/media?parent=5"}],"curies":[{"name":"wp","href":"https:\/\/api.w.org\/{rel}","templated":true}]}}