{"id":458,"date":"2016-12-12T07:40:34","date_gmt":"2016-12-12T06:40:34","guid":{"rendered":"http:\/\/urbanistes.be\/cub\/?page_id=458"},"modified":"2016-12-12T07:40:34","modified_gmt":"2016-12-12T06:40:34","slug":"objectifs-2","status":"publish","type":"page","link":"https:\/\/urbanistes.be\/cub\/presentation\/objectifs-2\/","title":{"rendered":"Objectifs"},"content":{"rendered":"<p><strong>Historique<\/strong><\/p>\n<p>Union professionnelle reconnue depuis 1962 par le Minist\u00e8re de l\u2019Emploi et du Travail, la CUB se veut tr\u00e8s repr\u00e9sentative des praticiens de l\u2019urbanisme et de l\u2019am\u00e9nagement du territoire en Belgique francophone.<\/p>\n<p>Forte de +\/- 180 membres en moyenne, elle regroupe la majorit\u00e9 des urbanistes du secteur priv\u00e9 et de nombreux urbanistes du secteur public ainsi que de la plupart des auteurs de projet agr\u00e9\u00e9s en R\u00e9gion wallonne et en R\u00e9gion de Bruxelles-Capitale. La CUB est en outre l\u2019interface privil\u00e9gi\u00e9e entre le personnel politique et administratif et les professionnels de la mati\u00e8re<\/p>\n<p>Son Conseil de Direction repr\u00e9sente cette diversit\u00e9 et les R\u00e9gions y sont o\ufb03ciellement repr\u00e9sent\u00e9es.<\/p>\n<p>Comme acteur constructif du droit de l\u2019urbanisme, la CUB est \u00e0 la disposition des autorit\u00e9s publiques mais aussi pro-active pour des approches m\u00e9thodologiques en amont de la l\u00e9gislation (pr\u00e9sence dans les commissions, avis sur les projets l\u00e9gislatifs, Livres blancs) et pour des conseils, notamment en mati\u00e8re de march\u00e9s publics, de proc\u00e9dure et de contenu d\u2019\u00e9tudes.<\/p>\n<p>La CUB repr\u00e9sente les urbanistes belges francophones et est tr\u00e8s active au sein du \u00abConseil Europ\u00e9en des Urbanistes\u00bb\/\u00abEuropean Council of Spatial Planners\u00bb (CEU-ECTP), regroupant les unions professionnelles de la plupart des 27 pays de l\u2019Union actif dans le processus de reconnaissance et de libre circulation de la profession dans l\u2019Union et dans celui d\u2019une mise en place de la coh\u00e9sion territoriale en Europe.<\/p>\n<p><strong>La CUB poursuit les objectifs suivants\u00a0:<\/strong><\/p>\n<ul>\n<li>La qualit\u00e9 des services \u00e0 rendre par cette profession impliquant d\u2019abord la qualit\u00e9 de la formation acad\u00e9mique : pr\u00e9sence dans le corps professoral et dans les commissions d\u2019agr\u00e9ment.<\/li>\n<\/ul>\n<ul>\n<li>L\u2019organisation de la profession par le rassemblement des professionnels dans une Union dot\u00e9e de statuts et charg\u00e9e du respect de la d\u00e9ontologie, de l\u2019\u00e9tablissement et de la d\u00e9fense de recommandations bar\u00e9miques et de conventions-types \u00e9labor\u00e9es en concertation avec l\u2019Union des Villes et Communes (sections wallonne et bruxelloise), d\u2019informations utiles sur un site web performant.<\/li>\n<\/ul>\n<ul>\n<li>La d\u00e9fense et la visibilit\u00e9 de la profession au niveau belge : faire conna\u00eetre et reconna\u00eetre la CUB aupr\u00e8s des pouvoirs publics communaux et r\u00e9gionaux et aupr\u00e8s des organisations professionnelles connexes (Architectes, Paysagistes, G\u00e9om\u00e8tres, etc), des Instituts d\u2019enseignement, de la Presse et du public.<\/li>\n<\/ul>\n<ul>\n<li>L\u2019organisation d\u2019activit\u00e9s sp\u00e9cifiques comme des conf\u00e9rences, workshops, la participation \u00e0 des expositions, des journ\u00e9es d\u2019\u00e9tudes sur terrain, la participation au Grand Prix Europ\u00e9en de l\u2019Urbanisme ou encore l\u2019organisation de rencontres avec le Vlaamse Vereniging voor Ruimte en Planning (VRP) ou le Conseil Europ\u00e9en des Urbanistes (CEU).<\/li>\n<\/ul>\n<p>&nbsp;<\/p>\n","protected":false},"excerpt":{"rendered":"<div class=\"post-excerpt\">Historique Union professionnelle reconnue depuis 1962 par le Minist\u00e8re de l\u2019Emploi et du Travail, la CUB se veut tr\u00e8s repr\u00e9sentative des praticiens de l\u2019urbanisme et de l\u2019am\u00e9nagement du territoire en&hellip;<\/div>\n","protected":false},"author":1,"featured_media":0,"parent":5,"menu_order":0,"comment_status":"closed","ping_status":"closed","template":"","meta":{"footnotes":""},"_links":{"self":[{"href":"https:\/\/urbanistes.be\/cub\/wp-json\/wp\/v2\/pages\/458"}],"collection":[{"href":"https:\/\/urbanistes.be\/cub\/wp-json\/wp\/v2\/pages"}],"about":[{"href":"https:\/\/urbanistes.be\/cub\/wp-json\/wp\/v2\/types\/page"}],"author":[{"embeddable":true,"href":"https:\/\/urbanistes.be\/cub\/wp-json\/wp\/v2\/users\/1"}],"replies":[{"embeddable":true,"href":"https:\/\/urbanistes.be\/cub\/wp-json\/wp\/v2\/comments?post=458"}],"version-history":[{"count":1,"href":"https:\/\/urbanistes.be\/cub\/wp-json\/wp\/v2\/pages\/458\/revisions"}],"predecessor-version":[{"id":459,"href":"https:\/\/urbanistes.be\/cub\/wp-json\/wp\/v2\/pages\/458\/revisions\/459"}],"up":[{"embeddable":true,"href":"https:\/\/urbanistes.be\/cub\/wp-json\/wp\/v2\/pages\/5"}],"wp:attachment":[{"href":"https:\/\/urbanistes.be\/cub\/wp-json\/wp\/v2\/media?parent=458"}],"curies":[{"name":"wp","href":"https:\/\/api.w.org\/{rel}","templated":true}]}}