{"id":45,"date":"2016-10-30T19:13:07","date_gmt":"2016-10-30T18:13:07","guid":{"rendered":"http:\/\/urbanistes.be\/cub\/?page_id=45"},"modified":"2021-02-02T17:52:27","modified_gmt":"2021-02-02T16:52:27","slug":"devenir-membre","status":"publish","type":"page","link":"https:\/\/urbanistes.be\/cub\/membres\/devenir-membre\/","title":{"rendered":"Devenir membre"},"content":{"rendered":"<h1 style=\"text-align: center;\"><span style=\"color: #ff0000;\"><strong><a style=\"color: #ff0000;\" href=\"https:\/\/urbanistes.be\/cub\/register\/\">FORMULAIRE D&#8217;INCRIPTION <\/a><\/strong><\/span><\/h1>\n<hr \/>\n<p>Toute personne qui d\u00e9sire faire partie de la CUB \u00e0 titre de <strong>membre effectif<\/strong> :<\/p>\n<ul>\n<li>r\u00e9unira \u00e0 cet effet les qualit\u00e9s exig\u00e9es \u00e0 l\u2019article 4 des statuts;<\/li>\n<li>sera pr\u00e9sent\u00e9 par deux parrains, <a href=\"https:\/\/urbanistes.be\/cub\/members\/\" target=\"_blank\" rel=\"noopener noreferrer\">membres effectifs de la CUB<\/a>, pour appuyer sa demande;<\/li>\n<li>introduira sa demande aupr\u00e8s du <a href=\"https:\/\/urbanistes.be\/cub\/groupes-de-travail\/\" target=\"_blank\" rel=\"noopener noreferrer\">Conseil de Direction<\/a>.<\/li>\n<\/ul>\n<p>Apr\u00e8s audition \u00e9ventuelle des parrains, le Conseil de Direction estime si le candidat r\u00e9unit les conditions pr\u00e9vues \u00e0 l\u2019article 4 des statuts. Dans ce cas, le candidat est d&#8217;office admis comme membre effectif de la CUB.<\/p>\n<p>Le Conseil de Direction signifie au candidat son refus ou son admission.<\/p>\n<p>L\u2019admission est d\u00e9cid\u00e9e \u00e0 la majorit\u00e9 des deux-tiers des suffrages des membres pr\u00e9sents ou valablement repr\u00e9sent\u00e9s lors du Conseil de Direction.<\/p>\n<hr \/>\n<p>Le Conseil de Direction de la CUB demande \u00e0 chaque r\u00e9gion et communaut\u00e9, en charge de l\u2019urbanisme ou de l\u2019am\u00e9nagement du territoire, de d\u00e9l\u00e9guer chacun, un repr\u00e9sentant au sein du Conseil de Direction.<\/p>\n<hr \/>\n<p>A sa demande formul\u00e9e aupr\u00e8s du Conseil de Direction, tout membre effectif peut devenir membre honoraire, en respectant les conditions de l\u2019article 5 et apr\u00e8s l\u2019approbation de sa candidature par l\u2019Assembl\u00e9e G\u00e9n\u00e9rale.<\/p>\n<hr \/>\n<p>&nbsp;<\/p>\n","protected":false},"excerpt":{"rendered":"<div class=\"post-excerpt\">FORMULAIRE D&#8217;INCRIPTION Toute personne qui d\u00e9sire faire partie de la CUB \u00e0 titre de membre effectif : r\u00e9unira \u00e0 cet effet les qualit\u00e9s exig\u00e9es \u00e0 l\u2019article 4 des statuts; sera&hellip;<\/div>\n","protected":false},"author":1,"featured_media":0,"parent":9,"menu_order":0,"comment_status":"closed","ping_status":"closed","template":"","meta":{"footnotes":""},"_links":{"self":[{"href":"https:\/\/urbanistes.be\/cub\/wp-json\/wp\/v2\/pages\/45"}],"collection":[{"href":"https:\/\/urbanistes.be\/cub\/wp-json\/wp\/v2\/pages"}],"about":[{"href":"https:\/\/urbanistes.be\/cub\/wp-json\/wp\/v2\/types\/page"}],"author":[{"embeddable":true,"href":"https:\/\/urbanistes.be\/cub\/wp-json\/wp\/v2\/users\/1"}],"replies":[{"embeddable":true,"href":"https:\/\/urbanistes.be\/cub\/wp-json\/wp\/v2\/comments?post=45"}],"version-history":[{"count":21,"href":"https:\/\/urbanistes.be\/cub\/wp-json\/wp\/v2\/pages\/45\/revisions"}],"predecessor-version":[{"id":2552,"href":"https:\/\/urbanistes.be\/cub\/wp-json\/wp\/v2\/pages\/45\/revisions\/2552"}],"up":[{"embeddable":true,"href":"https:\/\/urbanistes.be\/cub\/wp-json\/wp\/v2\/pages\/9"}],"wp:attachment":[{"href":"https:\/\/urbanistes.be\/cub\/wp-json\/wp\/v2\/media?parent=45"}],"curies":[{"name":"wp","href":"https:\/\/api.w.org\/{rel}","templated":true}]}}