{"id":440,"date":"2016-12-12T07:29:22","date_gmt":"2016-12-12T06:29:22","guid":{"rendered":"http:\/\/urbanistes.be\/cub\/?page_id=440"},"modified":"2020-02-26T11:51:20","modified_gmt":"2020-02-26T10:51:20","slug":"pierre-laconte","status":"publish","type":"page","link":"https:\/\/urbanistes.be\/cub\/pierre-laconte\/","title":{"rendered":"Pierre Laconte"},"content":{"rendered":"<p><span style=\"font-size: 16px;\">Docteur en Droit (1956) et Docteur en Sc. \u00c9conomiques (1978), Universit\u00e9 Catholique de Louvain (UCL) ;<\/span>Docteur honoris causa, Edinburg Napier University (1999). Depuis 1999, Pr\u00e9sident de la Fondation pour<br \/>\nl\u2019environnement urbain. 5 ouvrages, consacr\u00e9s principalement \u00e0 la m\u00e9tropole bruxelloise, ont \u00e9t\u00e9 publi\u00e9s sous<br \/>\nson \u00e9gide (<a href=\"http:\/\/www.ffue.org\" target=\"_blank\" rel=\"noopener noreferrer\">www.ffue.org<\/a>). \u201cBrussels: Perspectives on a European Capital\u201d, co-dirig\u00e9 avec Carola Hein, a obtenu<br \/>\nle \u201cSociety for Human Ecology 2008 Award for best publication of the year\u201d. De 1984 \u00e0 1999, Secr\u00e9taire<br \/>\nG\u00e9n\u00e9ral de l&#8217;Union Internationale des Transports Publics (UITP). Cette association est un organisme<br \/>\nprofessionnel \u00e0 l\u2019\u00e9chelle mondiale regroupant tous les acteurs du transport public (environ 3000 membres, staff<br \/>\nde 80 personnes) et a publi\u00e9 notamment une comparaison entre 100 agglom\u00e9rations sous l\u2019angle du transport, de<br \/>\nl\u2019am\u00e9nagement et de l\u2019environnement (<a href=\"http:\/\/www.uitp.org\" target=\"_blank\" rel=\"noopener noreferrer\">www.uitp.org<\/a>). A pr\u00e9sent Secr\u00e9taire G\u00e9n\u00e9ral honoraire.<\/p>\n<p>Depuis 2004 membre du Conseil scientifique de l\u2019Agence europ\u00e9enne de l\u2019environnement (Copenhague), en<br \/>\ncharge des questions territoriales. \u00c9lu vice-pr\u00e9sident en 2008.Ses rapports incluent \u00ab Urban Sprawl in Europe \u00bb<br \/>\net \u00ab Quality of Life in Cities \u00bb. (<a href=\"http:\/\/www.eea.europa.eu\" target=\"_blank\" rel=\"noopener noreferrer\">www.eea.europa.eu<\/a>). Pr\u00e9sident de l&#8217;Association Internationale des Urbanistes<br \/>\nAIU \/ ISOCARP, La Haye (2006-2009 \/ Orateur d\u2019ouverture Congr\u00e8s 2011) et du Comit\u00e9 Patrimoine industriel<br \/>\nd\u2019Europa Nostra, La Haye (2008-). Membre expert, Comit\u00e9 international des villes et villages historiques<br \/>\n(ICOMOS).<\/p>\n<p>Membre de l\u2019Acad\u00e9mie der K\u00fcnste, Berlin &#8211; Sektion Baukunst (1995-) et m. corresp. de la Deutsche Akademie<br \/>\nfur St\u00e4dtebau u. Landesplanung (2010-); Membre, Advisory Board, \u201cProgress in Planning\u201d (Elsevier). Membre<br \/>\ndu Comit\u00e9 d\u2019Orientation du Centre national d\u2019\u00e9tude des transports et de l\u2019urbanisme CERTU (Lyon) et du<br \/>\nComit\u00e9 d\u2019Orientation de la Revue \u201cUrbanisme\u201d (Paris). Membre du Conseil du \u00ab Lee Kwan-Yew World Cities<br \/>\nPrize 2010 \u00bb (<a href=\"http:\/\/www.leekuanyewworldcityprize.com.sg\" target=\"_blank\" rel=\"noopener noreferrer\">www.leekuanyewworldcityprize.com.sg<\/a>) et du prix 2012 ; \u00e9valuateur pour le \u00ab European Green<br \/>\nCapital Award \u00bb 2012 et 2013. UN Habitat Scroll of Honour Award 1999. Visiting lecturer part-time au<br \/>\nDepartment of Urban Studies and Planning du Massachusetts Institute of Technology (1980-1984). Professeur<br \/>\ninvit\u00e9 au Conservatoire National des Arts et M\u00e9tiers, Paris (1999).<\/p>\n<p>Parmi ses publications en anglais (voir aussi www.ffue.org):\u201cWell-being in Cities\u201d (Oxford: Pergamon Press<br \/>\n1976, 2 volumes).\u201dChanging Cities: Challenge to Planning\u201d (Philadelphia: The Academy of Political Science,<br \/>\n1980) \u201cHuman and Energy Factors in Urban Planning: A Systems Approach\u201d (The Hague: Martinus Nijhoff,<br \/>\n1982). \u201cWater Resources and Land Use Planning: A Systems Approach\u201d (The Hague: Martinus Nijhoff, 1982.<\/p>\n<p>Parmi ses publications en fran\u00e7ais, l\u2019ouvrage \u00ab Mutations urbaines et march\u00e9s immobiliers : le d\u00e9veloppement<br \/>\ndes immeubles de bureaux \u00e0 Bruxelles \u00bb (Bruxelles: Oyez 1978) a obtenu le prix Droit-\u00c9conomie 1974-1978 du<br \/>\nCr\u00e9dit Communal de Belgique (ouvrage en cours de mise \u00e0 jour) \u2013 voir aussi <a href=\"http:\/\/www.ffue.org\" target=\"_blank\" rel=\"noopener noreferrer\">www.ffue.org<\/a>.<\/p>\n<p>De 1966 \u00e0 1984, Directeur \u00e0 l\u2019UCL; Membre de l\u2019\u00e9quipe de direction du Groupe Urbanisme-Architecture (en<br \/>\nassociation avec R. Lemaire, co-fondateur d\u2019ICOMOS et J.P. Blondel), en charge du plan directeur de la<br \/>\nnouvelle ville universitaire de Louvain-la-Neuve et de sa coordination architecturale. Cette r\u00e9alisation, qui se<br \/>\nsitue dans la lign\u00e9e des villes universitaires anciennes, comprend diverses innovations en mati\u00e8re d\u2019\u00e9conomies<br \/>\nd\u2019\u00e9nergie et de gestion de l\u2019eau. Son centre est enti\u00e8rement pi\u00e9ton. Elle a obtenu le prix Abercrombie de l\u2019Union<br \/>\nInternationale des Architectes (UIA). A dirig\u00e9 en 2009 l\u2019ouvrage \u00ab La recherche de la qualit\u00e9 environnementale<br \/>\net urbaine \u2013 le cas de Louvain-la-Neuve \u00bb, publi\u00e9 aux \u00c9ditions du Certu, Lyon (<a href=\"http:\/\/www.ffue.org\" target=\"_blank\" rel=\"noopener noreferrer\">www.ffue.org<\/a>) .<\/p>\n","protected":false},"excerpt":{"rendered":"<div class=\"post-excerpt\">Docteur en Droit (1956) et Docteur en Sc. \u00c9conomiques (1978), Universit\u00e9 Catholique de Louvain (UCL) ;Docteur honoris causa, Edinburg Napier University (1999). Depuis 1999, Pr\u00e9sident de la Fondation pour l\u2019environnement&hellip;<\/div>\n","protected":false},"author":1,"featured_media":0,"parent":0,"menu_order":0,"comment_status":"closed","ping_status":"closed","template":"","meta":{"footnotes":""},"_links":{"self":[{"href":"https:\/\/urbanistes.be\/cub\/wp-json\/wp\/v2\/pages\/440"}],"collection":[{"href":"https:\/\/urbanistes.be\/cub\/wp-json\/wp\/v2\/pages"}],"about":[{"href":"https:\/\/urbanistes.be\/cub\/wp-json\/wp\/v2\/types\/page"}],"author":[{"embeddable":true,"href":"https:\/\/urbanistes.be\/cub\/wp-json\/wp\/v2\/users\/1"}],"replies":[{"embeddable":true,"href":"https:\/\/urbanistes.be\/cub\/wp-json\/wp\/v2\/comments?post=440"}],"version-history":[{"count":7,"href":"https:\/\/urbanistes.be\/cub\/wp-json\/wp\/v2\/pages\/440\/revisions"}],"predecessor-version":[{"id":2246,"href":"https:\/\/urbanistes.be\/cub\/wp-json\/wp\/v2\/pages\/440\/revisions\/2246"}],"wp:attachment":[{"href":"https:\/\/urbanistes.be\/cub\/wp-json\/wp\/v2\/media?parent=440"}],"curies":[{"name":"wp","href":"https:\/\/api.w.org\/{rel}","templated":true}]}}