{"id":35,"date":"2016-10-30T19:11:31","date_gmt":"2016-10-30T18:11:31","guid":{"rendered":"http:\/\/urbanistes.be\/cub\/?page_id=35"},"modified":"2018-03-20T21:09:03","modified_gmt":"2018-03-20T20:09:03","slug":"liste-des-past-presidents","status":"publish","type":"page","link":"https:\/\/urbanistes.be\/cub\/presentation\/liste-des-past-presidents\/","title":{"rendered":"Liste des pr\u00e9sidents"},"content":{"rendered":"<ul>\n<li>2018 &#8211; &#8230; : <a href=\"http:\/\/urbanistes.be\/cub\/groupes-de-travail\/president\/\"><strong>Serge Peeters<\/strong><\/a><\/li>\n<li>2014 &#8211; 2018\u00a0: <strong>Marc Jortay<\/strong><\/li>\n<li>2002 &#8211; 2014 : <strong>Bruno Clerbaux<\/strong><\/li>\n<li>1996 &#8211; 2002\u00a0: <strong>Peter Pillen<\/strong><\/li>\n<li>1994 &#8211; 1996 : <strong>Isabelle Leduc<\/strong><\/li>\n<li>1986 &#8211; 1994 : <strong>Jean-Claude de Brauwer<\/strong><\/li>\n<li>1978 &#8211; 1986 : <strong>Pierre Puttemans<\/strong><\/li>\n<li>1970 &#8211;\u00a01978 : <strong>Ren\u00e9 P\u00e9ch\u00e8re<\/strong><\/li>\n<li>&#8230; <strong>Edgar Klutz (CUCB)<\/strong><\/li>\n<\/ul>\n","protected":false},"excerpt":{"rendered":"<div class=\"post-excerpt\">2018 &#8211; &#8230; : Serge Peeters 2014 &#8211; 2018\u00a0: Marc Jortay 2002 &#8211; 2014 : Bruno Clerbaux 1996 &#8211; 2002\u00a0: Peter Pillen 1994 &#8211; 1996 : Isabelle Leduc 1986 &#8211;&hellip;<\/div>\n","protected":false},"author":158,"featured_media":0,"parent":5,"menu_order":0,"comment_status":"closed","ping_status":"closed","template":"","meta":{"footnotes":""},"_links":{"self":[{"href":"https:\/\/urbanistes.be\/cub\/wp-json\/wp\/v2\/pages\/35"}],"collection":[{"href":"https:\/\/urbanistes.be\/cub\/wp-json\/wp\/v2\/pages"}],"about":[{"href":"https:\/\/urbanistes.be\/cub\/wp-json\/wp\/v2\/types\/page"}],"author":[{"embeddable":true,"href":"https:\/\/urbanistes.be\/cub\/wp-json\/wp\/v2\/users\/158"}],"replies":[{"embeddable":true,"href":"https:\/\/urbanistes.be\/cub\/wp-json\/wp\/v2\/comments?post=35"}],"version-history":[{"count":15,"href":"https:\/\/urbanistes.be\/cub\/wp-json\/wp\/v2\/pages\/35\/revisions"}],"predecessor-version":[{"id":1739,"href":"https:\/\/urbanistes.be\/cub\/wp-json\/wp\/v2\/pages\/35\/revisions\/1739"}],"up":[{"embeddable":true,"href":"https:\/\/urbanistes.be\/cub\/wp-json\/wp\/v2\/pages\/5"}],"wp:attachment":[{"href":"https:\/\/urbanistes.be\/cub\/wp-json\/wp\/v2\/media?parent=35"}],"curies":[{"name":"wp","href":"https:\/\/api.w.org\/{rel}","templated":true}]}}