{"id":31,"date":"2016-10-30T19:10:45","date_gmt":"2016-10-30T18:10:45","guid":{"rendered":"http:\/\/urbanistes.be\/cub\/?page_id=31"},"modified":"2018-07-16T09:26:06","modified_gmt":"2018-07-16T07:26:06","slug":"objectifs","status":"publish","type":"page","link":"https:\/\/urbanistes.be\/cub\/presentation\/objectifs\/","title":{"rendered":"Champs d&#8217;actions"},"content":{"rendered":"<p><strong>D\u00e9finition du r\u00f4le de la profession :<\/strong><br \/>\nLa CUB \u0153uvre \u00e0 d\u00e9finir le r\u00f4le de l\u2019urbaniste en ad\u00e9quation avec les attentes \u00e9volutives de la soci\u00e9t\u00e9, les relations avec les milieux professionnels connexes; ainsi que son champ de comp\u00e9tences sp\u00e9cifiques et la reconnaissance de sa pratique.<\/p>\n<p><strong>D\u00e9finition des exigences li\u00e9es \u00e0 l\u2019exercice de la profession :<\/strong><\/p>\n<ul>La CUB :<\/p>\n<li>oeuvre \u00e0 la qualit\u00e9 du m\u00e9tier et la pratique professionnelle de l\u2019urbaniste ;<\/li>\n<li>veille \u00e0 renforcer dans ses champs d\u2019action, les liens entre la formation continu\u00e9e, l\u2019enseignement, la recherche et les conditions d\u2019exercice de la profession ;<\/li>\n<li>intervient d\u2019initiative ou \u00e0 l\u2019invitation des autorit\u00e9s publiques quant \u00e0 l\u2019\u00e9volution du cadre l\u00e9gal visant les modalit\u00e9s d\u2019exercice de la profession (prestations soumises \u00e0 agr\u00e9ments et leurs conditions, march\u00e9s publics, l\u00e9gislation sociale, etc.).<\/li>\n<\/ul>\n<p><strong>Organisation et d\u00e9fense de la profession :<\/strong><\/p>\n<ul>La CUB \u0153uvre :<\/p>\n<li>\u00e0 la reconnaissance professionnelle du m\u00e9tier d\u2019urbaniste ;<\/li>\n<li>\u00e0 la r\u00e9daction d\u2019un code de d\u00e9ontologie et le contr\u00f4le de son respect ;<\/li>\n<li>\u00e0 l\u2019obtention du statut d\u2019organisme qualificateur pour la reconnaissance mutuelle entre unions professionnelles d\u2019urbanistes pour leur libre circulation professionnelle dans l\u2019Union Europ\u00e9enne ;<\/li>\n<li>\u00e0 l\u2019\u00e9tablissement et la d\u00e9fense de recommandations bar\u00e9miques et de conventions types ;<\/li>\n<li>\u00e0 mener une n\u00e9gociation permanente avec des tiers concern\u00e9s par l\u2019exercice de la profession (assurances, conditions d\u2019exercice, etc.), propice \u00e0 la mutualisation de conditions pr\u00e9f\u00e9rentielles.<\/li>\n<\/ul>\n<p><strong>Organisation de la visibilit\u00e9 de la profession :<\/strong><\/p>\n<ul>La CUB repr\u00e9sente ses membres aupr\u00e8s :<\/p>\n<li>des pouvoirs publics aux niveaux europ\u00e9en, f\u00e9d\u00e9ral, r\u00e9gional, supra-communal et communal ;<\/li>\n<li>des organisations professionnelles connexes ;<\/li>\n<li>du monde acad\u00e9mique et organismes de formation continu\u00e9e ;<\/li>\n<li>des m\u00e9dias et du grand public.<\/li>\n<\/ul>\n<p><strong>Repr\u00e9sentation de la CUB au sein d\u2019autres organes:<\/strong><br \/>\nLa CUB remet des avis formels \u00e0 l\u2019invitation des autorit\u00e9s publiques directement ou par la voie de ses membres mandat\u00e9s aupr\u00e8s des commissions d\u2019appui des autorit\u00e9s publiques, telles que le <strong>P\u00f4le Am\u00e9nagement du Territoire<\/strong>, la<strong> Commission d&#8217;Avis sur les Recours,\u00a0<\/strong>\u2026<\/p>\n<ul>La CUB est affili\u00e9e :<\/p>\n<li>au Conseil Europ\u00e9en des Urbanistes\/European Council of Spatial Planners ( <strong>CEU-ECTP<\/strong>) en tant que membre effectif;<\/li>\n<li>\u00e0 l\u2019Union des Professions lib\u00e9rales et intellectuelles (<strong>UNPLIB<\/strong>);<\/li>\n<\/ul>\n<p>La CUB intervient, par la voix de ses membres, aupr\u00e8s de ses structures filiales, comme l\u2019ASBL \u00ab <strong>For Urban Passion<\/strong> \u00bb<\/p>\n","protected":false},"excerpt":{"rendered":"<div class=\"post-excerpt\">D\u00e9finition du r\u00f4le de la profession : La CUB \u0153uvre \u00e0 d\u00e9finir le r\u00f4le de l\u2019urbaniste en ad\u00e9quation avec les attentes \u00e9volutives de la soci\u00e9t\u00e9, les relations avec les milieux&hellip;<\/div>\n","protected":false},"author":158,"featured_media":0,"parent":5,"menu_order":0,"comment_status":"closed","ping_status":"closed","template":"","meta":{"footnotes":""},"_links":{"self":[{"href":"https:\/\/urbanistes.be\/cub\/wp-json\/wp\/v2\/pages\/31"}],"collection":[{"href":"https:\/\/urbanistes.be\/cub\/wp-json\/wp\/v2\/pages"}],"about":[{"href":"https:\/\/urbanistes.be\/cub\/wp-json\/wp\/v2\/types\/page"}],"author":[{"embeddable":true,"href":"https:\/\/urbanistes.be\/cub\/wp-json\/wp\/v2\/users\/158"}],"replies":[{"embeddable":true,"href":"https:\/\/urbanistes.be\/cub\/wp-json\/wp\/v2\/comments?post=31"}],"version-history":[{"count":12,"href":"https:\/\/urbanistes.be\/cub\/wp-json\/wp\/v2\/pages\/31\/revisions"}],"predecessor-version":[{"id":1947,"href":"https:\/\/urbanistes.be\/cub\/wp-json\/wp\/v2\/pages\/31\/revisions\/1947"}],"up":[{"embeddable":true,"href":"https:\/\/urbanistes.be\/cub\/wp-json\/wp\/v2\/pages\/5"}],"wp:attachment":[{"href":"https:\/\/urbanistes.be\/cub\/wp-json\/wp\/v2\/media?parent=31"}],"curies":[{"name":"wp","href":"https:\/\/api.w.org\/{rel}","templated":true}]}}