{"id":29,"date":"2016-10-30T19:10:36","date_gmt":"2016-10-30T18:10:36","guid":{"rendered":"http:\/\/urbanistes.be\/cub\/?page_id=29"},"modified":"2020-04-10T10:29:56","modified_gmt":"2020-04-10T08:29:56","slug":"groupes-de-travail","status":"publish","type":"page","link":"https:\/\/urbanistes.be\/cub\/presentation\/groupes-de-travail\/","title":{"rendered":"Groupes de travail"},"content":{"rendered":"<p>GT1 \u00ab<strong>Enseignement et Formation<\/strong>\u00bb<br \/>\nCoordination\u00a0: Serge Peeters<\/p>\n<p>GT2\u00a0\u00ab<strong>Communication et publications<\/strong>\u00bb<br \/>\nCoordination\u00a0:\u00a0Renaud Daele<\/p>\n<p>GT3\u00a0\u00ab\u00a0<strong>March\u00e9s publics et documents de r\u00e9f\u00e9rence<\/strong>\u00a0\u00bb<br \/>\nCoordination\u00a0: Xavier Mariage<\/p>\n<p>GT4 \u00ab\u00a0<strong>Certification<\/strong>\u00bb<br \/>\nCoordination\u00a0: Serge Peeters<\/p>\n<p>GT5\u00a0\u00ab\u00a0<strong>Partenariat et support \u00e0 la FUP<\/strong>\u00bb<br \/>\nCoordination\u00a0: Clothilde Fally<\/p>\n","protected":false},"excerpt":{"rendered":"<div class=\"post-excerpt\">GT1 \u00abEnseignement et Formation\u00bb Coordination\u00a0: Serge Peeters GT2\u00a0\u00abCommunication et publications\u00bb Coordination\u00a0:\u00a0Renaud Daele GT3\u00a0\u00ab\u00a0March\u00e9s publics et documents de r\u00e9f\u00e9rence\u00a0\u00bb Coordination\u00a0: Xavier Mariage GT4 \u00ab\u00a0Certification\u00bb Coordination\u00a0: Serge Peeters GT5\u00a0\u00ab\u00a0Partenariat et support \u00e0&hellip;<\/div>\n","protected":false},"author":1,"featured_media":0,"parent":5,"menu_order":0,"comment_status":"closed","ping_status":"closed","template":"","meta":{"footnotes":""},"_links":{"self":[{"href":"https:\/\/urbanistes.be\/cub\/wp-json\/wp\/v2\/pages\/29"}],"collection":[{"href":"https:\/\/urbanistes.be\/cub\/wp-json\/wp\/v2\/pages"}],"about":[{"href":"https:\/\/urbanistes.be\/cub\/wp-json\/wp\/v2\/types\/page"}],"author":[{"embeddable":true,"href":"https:\/\/urbanistes.be\/cub\/wp-json\/wp\/v2\/users\/1"}],"replies":[{"embeddable":true,"href":"https:\/\/urbanistes.be\/cub\/wp-json\/wp\/v2\/comments?post=29"}],"version-history":[{"count":11,"href":"https:\/\/urbanistes.be\/cub\/wp-json\/wp\/v2\/pages\/29\/revisions"}],"predecessor-version":[{"id":2276,"href":"https:\/\/urbanistes.be\/cub\/wp-json\/wp\/v2\/pages\/29\/revisions\/2276"}],"up":[{"embeddable":true,"href":"https:\/\/urbanistes.be\/cub\/wp-json\/wp\/v2\/pages\/5"}],"wp:attachment":[{"href":"https:\/\/urbanistes.be\/cub\/wp-json\/wp\/v2\/media?parent=29"}],"curies":[{"name":"wp","href":"https:\/\/api.w.org\/{rel}","templated":true}]}}