{"id":27,"date":"2016-10-30T19:10:23","date_gmt":"2016-10-30T18:10:23","guid":{"rendered":"http:\/\/urbanistes.be\/cub\/?page_id=27"},"modified":"2020-12-27T18:06:55","modified_gmt":"2020-12-27T17:06:55","slug":"commissions","status":"publish","type":"page","link":"https:\/\/urbanistes.be\/cub\/presentation\/commissions\/","title":{"rendered":"Commissions"},"content":{"rendered":"<p><strong>Commission d&#8217;avis sur les recours (CAR).<br \/>\n<\/strong>Nos repr\u00e9sentants :<\/p>\n<p>Effectif : <em>Frans LOTIN et Sylvie AGNESSENS <\/em><\/p>\n<p><em>Suppl\u00e9ants :\u00a0 Charl\u00e8ne LAMOTTE et Xavier MARIAGE et<\/em><em>\u00a0Jean-Claude DE BRAUWER et Marie NOEL<\/em><\/p>\n<ul>\n<li>La CAR intervient dans le cadre de la proc\u00e9dure de recours \u00e0 l\u2019encontre de d\u00e9cisions relatives \u00e0 des permis d\u2019urbanisme ou d\u2019urbanisation dont les sujets touchent \u00e0 des questions d\u2019architecture et d\u2019urbanisme au sens large.<\/li>\n<li>Les directives d\u2019application du CoDT nous diront si des changements de fonctionnement doivent avoir lieu.<br \/>\nLes membres de la CAR re\u00e7oivent pr\u00e9alablement, via l\u2019administration, copie des \u00e9l\u00e9ments principaux (textes et plans) qui constituent la requ\u00eate, apr\u00e8s avoir entendu l\u2019expos\u00e9 de la situation juridique par l\u2019administration de la DGO4, le ou les requ\u00e9rants sont entendus (audition), des questions sont pos\u00e9es par les membres de la CAR. Apr\u00e8s l\u2019audition, un avis est \u00e9tabli.<\/li>\n<\/ul>\n<p><strong>P\u00f4le Am\u00e9nagement du Territoire (anciennement CRAT)<\/strong><br \/>\nNos repr\u00e9sentants : <em>Pierre Cox<\/em>.<\/p>\n<ul>\n<li>D\u2019une mani\u00e8re g\u00e9n\u00e9rale, la CRAT a pour mission, en tant qu\u2019organe consultatif, de remettre des avis aux autorit\u00e9s publiques de la Wallonie (Gouvernement wallon, Ministre de l\u2019am\u00e9nagement du territoire, Coll\u00e8ges communaux\u2026) dans diff\u00e9rentes mati\u00e8res relatives \u00e0 l&#8217;am\u00e9nagement du territoire, \u00e0 l\u2019urbanisme, aux op\u00e9rations de d\u00e9veloppement urbaines et rurales, et plus particuli\u00e8rement :\n<ul>\n<li>Sur les documents planologiques et d\u2019orientation ;<\/li>\n<li>Sur les projets de r\u00e9novation et de revitalisation urbaine ;<\/li>\n<li>Sur les programmes communaux de d\u00e9veloppement rural.<\/li>\n<\/ul>\n<\/li>\n<li>Elle intervient \u00e9galement dans les proc\u00e9dures d\u2019\u00e9valuation des incidences sur l\u2019environnement de projets en remettant des avis sur : Les demandes d&#8217;agr\u00e9ment des bureaux d&#8217;\u00e9tudes habilit\u00e9s \u00e0 r\u00e9aliser des \u00e9tudes d&#8217;incidences sur l&#8217;environnement, l&#8217;opportunit\u00e9 des projets priv\u00e9s ou publics faisant l&#8217;objet d&#8217;une \u00e9tude d&#8217;incidences sur l&#8217;environnement en Wallonie et la qualit\u00e9 de ces \u00e9tudes d&#8217;incidences. De plus, elle intervient dans les proc\u00e9dures relatives aux parcs naturels et aux plans urbains de mobilit\u00e9.<\/li>\n<\/ul>\n","protected":false},"excerpt":{"rendered":"<div class=\"post-excerpt\">Commission d&#8217;avis sur les recours (CAR). Nos repr\u00e9sentants : Effectif : Frans LOTIN et Sylvie AGNESSENS Suppl\u00e9ants :\u00a0 Charl\u00e8ne LAMOTTE et Xavier MARIAGE et\u00a0Jean-Claude DE BRAUWER et Marie NOEL La&hellip;<\/div>\n","protected":false},"author":1,"featured_media":0,"parent":5,"menu_order":0,"comment_status":"closed","ping_status":"closed","template":"","meta":{"footnotes":""},"_links":{"self":[{"href":"https:\/\/urbanistes.be\/cub\/wp-json\/wp\/v2\/pages\/27"}],"collection":[{"href":"https:\/\/urbanistes.be\/cub\/wp-json\/wp\/v2\/pages"}],"about":[{"href":"https:\/\/urbanistes.be\/cub\/wp-json\/wp\/v2\/types\/page"}],"author":[{"embeddable":true,"href":"https:\/\/urbanistes.be\/cub\/wp-json\/wp\/v2\/users\/1"}],"replies":[{"embeddable":true,"href":"https:\/\/urbanistes.be\/cub\/wp-json\/wp\/v2\/comments?post=27"}],"version-history":[{"count":18,"href":"https:\/\/urbanistes.be\/cub\/wp-json\/wp\/v2\/pages\/27\/revisions"}],"predecessor-version":[{"id":266,"href":"https:\/\/urbanistes.be\/cub\/wp-json\/wp\/v2\/pages\/27\/revisions\/266"}],"up":[{"embeddable":true,"href":"https:\/\/urbanistes.be\/cub\/wp-json\/wp\/v2\/pages\/5"}],"wp:attachment":[{"href":"https:\/\/urbanistes.be\/cub\/wp-json\/wp\/v2\/media?parent=27"}],"curies":[{"name":"wp","href":"https:\/\/api.w.org\/{rel}","templated":true}]}}