{"id":25,"date":"2016-10-30T19:10:13","date_gmt":"2016-10-30T18:10:13","guid":{"rendered":"http:\/\/urbanistes.be\/cub\/?page_id=25"},"modified":"2021-01-22T15:33:53","modified_gmt":"2021-01-22T14:33:53","slug":"cub-est-active","status":"publish","type":"page","link":"https:\/\/urbanistes.be\/cub\/presentation\/cub-est-active\/","title":{"rendered":"CUB est active"},"content":{"rendered":"<p><strong>Dans la Certification des Urbanistes<\/strong><\/p>\n<p>Avec le BCCA &#8211; Belgian Construction Certification Association,\u00a0asbl &#8211; vzw, la CUB veut mettre en place la certification des Bureaux d&#8217;\u00e9tudes en urbanisme.<\/p>\n<p>Le BCCA est \u00a0un organisme de certification sp\u00e9cialis\u00e9 dans la construction pour des produits et des syst\u00e8mes de construction, des syst\u00e8mes d\u2019organisation, des syst\u00e8mes de gestion, des personnes et des processus. BCCA a \u00e9t\u00e9 fond\u00e9 en 1992 par les deux institutions les plus \u00e9minentes dans la construction, SECO et CSTC. Leur but est de cr\u00e9er un syst\u00e8me de services large, souple et accessible partout dans le domaine de la certification.<\/p>\n<p><!--more-->L&#8217;enjeu de la d\u00e9marche est de &#8220;<em>R\u00e9pondre PARFAITEMENT \u00e0 la question pos\u00e9e<\/em>.&#8221;<\/p>\n<p>La certification est un moyen d\u2019avoir confiance dans un produit, un syst\u00e8me de construction, une organisation ou une personne gr\u00e2ce \u00e0 la surveillance par une institution ind\u00e9pendante.\u00a0La certification est en fait la confirmation de la qualit\u00e9 qui est pr\u00e9sente dans une entreprise ou une organisation.<\/p>\n<p><strong>On peut m\u00eame dire que sans la qualit\u00e9, la certification est inutile.<\/strong><\/p>\n<p>Actuellement des rencontres avec les R\u00e9gions wallonne et bruxelloise sont organis\u00e9es, afin de mettre en place un code de r\u00e9f\u00e9rences.<\/p>\n<p><a href=\"https:\/\/urbanistes.be\/cub\/groupes-de-travail\/president\/\">Marc Jortay<\/a>, pr\u00e9sident &amp;\u00a0<a href=\"https:\/\/urbanistes.be\/cub\/groupes-de-travail\/vice-presidents\/\">Serge Peeters<\/a>, vice-pr\u00e9sident.<\/p>\n","protected":false},"excerpt":{"rendered":"<div class=\"post-excerpt\">Dans la Certification des Urbanistes Avec le BCCA &#8211; Belgian Construction Certification Association,\u00a0asbl &#8211; vzw, la CUB veut mettre en place la certification des Bureaux d&#8217;\u00e9tudes en urbanisme. Le BCCA&hellip;<\/div>\n","protected":false},"author":158,"featured_media":0,"parent":5,"menu_order":0,"comment_status":"closed","ping_status":"closed","template":"","meta":{"footnotes":""},"_links":{"self":[{"href":"https:\/\/urbanistes.be\/cub\/wp-json\/wp\/v2\/pages\/25"}],"collection":[{"href":"https:\/\/urbanistes.be\/cub\/wp-json\/wp\/v2\/pages"}],"about":[{"href":"https:\/\/urbanistes.be\/cub\/wp-json\/wp\/v2\/types\/page"}],"author":[{"embeddable":true,"href":"https:\/\/urbanistes.be\/cub\/wp-json\/wp\/v2\/users\/158"}],"replies":[{"embeddable":true,"href":"https:\/\/urbanistes.be\/cub\/wp-json\/wp\/v2\/comments?post=25"}],"version-history":[{"count":8,"href":"https:\/\/urbanistes.be\/cub\/wp-json\/wp\/v2\/pages\/25\/revisions"}],"predecessor-version":[{"id":2521,"href":"https:\/\/urbanistes.be\/cub\/wp-json\/wp\/v2\/pages\/25\/revisions\/2521"}],"up":[{"embeddable":true,"href":"https:\/\/urbanistes.be\/cub\/wp-json\/wp\/v2\/pages\/5"}],"wp:attachment":[{"href":"https:\/\/urbanistes.be\/cub\/wp-json\/wp\/v2\/media?parent=25"}],"curies":[{"name":"wp","href":"https:\/\/api.w.org\/{rel}","templated":true}]}}