{"id":2125,"date":"2019-01-29T10:21:51","date_gmt":"2019-01-29T09:21:51","guid":{"rendered":"http:\/\/urbanistes.be\/cub\/?page_id=2125"},"modified":"2019-01-29T10:24:15","modified_gmt":"2019-01-29T09:24:15","slug":"memorandum-unplib","status":"publish","type":"page","link":"https:\/\/urbanistes.be\/cub\/membres\/espace-membres\/publications\/memorandum-unplib\/","title":{"rendered":"M\u00e9morandum UNPLIB"},"content":{"rendered":"<div class=\"members-access-error\">D\u00e9sol\u00e9, vous n&#8217;\u00eates pas autoris\u00e9 \u00e0 voir ce contenu.<\/div>\n","protected":false},"excerpt":{"rendered":"<div class=\"members-access-error\">D\u00e9sol\u00e9, vous n&#8217;\u00eates pas autoris\u00e9 \u00e0 voir ce contenu.<\/div>\n","protected":false},"author":1,"featured_media":0,"parent":156,"menu_order":0,"comment_status":"closed","ping_status":"closed","template":"","meta":{"footnotes":""},"_links":{"self":[{"href":"https:\/\/urbanistes.be\/cub\/wp-json\/wp\/v2\/pages\/2125"}],"collection":[{"href":"https:\/\/urbanistes.be\/cub\/wp-json\/wp\/v2\/pages"}],"about":[{"href":"https:\/\/urbanistes.be\/cub\/wp-json\/wp\/v2\/types\/page"}],"author":[{"embeddable":true,"href":"https:\/\/urbanistes.be\/cub\/wp-json\/wp\/v2\/users\/1"}],"replies":[{"embeddable":true,"href":"https:\/\/urbanistes.be\/cub\/wp-json\/wp\/v2\/comments?post=2125"}],"version-history":[{"count":2,"href":"https:\/\/urbanistes.be\/cub\/wp-json\/wp\/v2\/pages\/2125\/revisions"}],"predecessor-version":[{"id":2128,"href":"https:\/\/urbanistes.be\/cub\/wp-json\/wp\/v2\/pages\/2125\/revisions\/2128"}],"up":[{"embeddable":true,"href":"https:\/\/urbanistes.be\/cub\/wp-json\/wp\/v2\/pages\/156"}],"wp:attachment":[{"href":"https:\/\/urbanistes.be\/cub\/wp-json\/wp\/v2\/media?parent=2125"}],"curies":[{"name":"wp","href":"https:\/\/api.w.org\/{rel}","templated":true}]}}