{"id":1915,"date":"2018-07-05T14:32:10","date_gmt":"2018-07-05T12:32:10","guid":{"rendered":"http:\/\/urbanistes.be\/cub\/?page_id=1915"},"modified":"2018-07-05T14:32:10","modified_gmt":"2018-07-05T12:32:10","slug":"devenir-urbaniste","status":"publish","type":"page","link":"https:\/\/urbanistes.be\/cub\/devenir-urbaniste\/","title":{"rendered":"Devenir urbaniste"},"content":{"rendered":"<p>Diff\u00e9rentes formations permettent d\u2019acc\u00e9der au m\u00e9tier d\u2019urbaniste en Belgique francophone.<\/p>\n<h3><u>Formation sp\u00e9cifiquement d\u00e9di\u00e9e \u00e0 l\u2019urbanisme (master ou master de sp\u00e9cialisation)<\/u><\/h3>\n<p><strong>ULB<br \/>\n<\/strong>Master de sp\u00e9cialisation, Urbanisme de la transition<br \/>\n<a href=\"http:\/\/archi.ulb.ac.be\/etudes\/apres-les-etudes\/master-de-specialisation\">http:\/\/archi.ulb.ac.be\/etudes\/apres-les-etudes\/master-de-specialisation<\/a><\/p>\n<p><strong>UCL<br \/>\n<\/strong>Master de sp\u00e9cialisation en urbanisme et am\u00e9nagement du territoire<br \/>\n<a href=\"https:\/\/uclouvain.be\/prog-2017-urba2mc\">https:\/\/uclouvain.be\/prog-2017-urba2mc<\/a><\/p>\n<p><strong>ULg<br \/>\n<\/strong>Master de sp\u00e9cialisation en urbanisme et en am\u00e9nagement du territoire<br \/>\n<a href=\"http:\/\/www.lema.ulg.ac.be\/urba\/\">http:\/\/www.lema.ulg.ac.be\/urba\/<\/a><\/p>\n<p><strong>UMons<br \/>\n<\/strong>Master de sp\u00e9cialisation en management territorial et d\u00e9veloppement urbain<br \/>\n<a href=\"https:\/\/web.umons.ac.be\/fr\/management-territorial-developpement-urbain-nouveau-master-de-specialisation-conjoint-ulb-umons-a-horaire-decale-a-charleroi-a-rentree-2018\/\">https:\/\/web.umons.ac.be\/fr\/management-territorial-developpement-urbain-nouveau-master-de-specialisation-conjoint-ulb-umons-a-horaire-decale-a-charleroi-a-rentree-2018\/<\/a><\/p>\n<p><strong>ISURU<br \/>\n<\/strong>Master en Urbanisme et Am\u00e9nagement du Territoire<br \/>\n<a href=\"http:\/\/www.isuru.be\/\">http:\/\/www.isuru.be\/<\/a><\/p>\n<h3><u>Formation master avec des finalit\u00e9s ou des options en urbanisme<\/u><\/h3>\n<p><strong>ULB<br \/>\n<\/strong>Master en Sciences G\u00e9ographiques avec une finalit\u00e9 en d\u00e9veloppement territorial et une finalit\u00e9 en Urban studies<br \/>\n<a href=\"https:\/\/www.ulb.ac.be\/programme\/MA-GEOG\/index.html\">https:\/\/www.ulb.ac.be\/programme\/MA-GEOG\/index.html<\/a><\/p>\n<p>Master en architecture avec des options en urbanisme<br \/>\n<a href=\"http:\/\/archi.ulb.ac.be\/etudes\/architecture\/organisation-des-etudes\">http:\/\/archi.ulb.ac.be\/etudes\/architecture\/organisation-des-etudes<\/a><\/p>\n<p><strong>UCL<br \/>\n<\/strong>Master en architecture avec une fili\u00e8re territoire<br \/>\n<a href=\"https:\/\/uclouvain.be\/prog-2017-arcb2m\">https:\/\/uclouvain.be\/prog-2017-arcb2m<\/a><\/p>\n<p><strong>ULg<\/strong><br \/>\nMaster en Architecture, \u00e0 finalit\u00e9 sp\u00e9cialis\u00e9e en Art de B\u00e2tir et Urbanisme avec une fili\u00e8re Projet urbain et Paysage<br \/>\n<a href=\"https:\/\/www.programmes.uliege.be\/cocoon\/formations\/descr\/T2UARC01.html\">https:\/\/www.programmes.uliege.be\/cocoon\/formations\/descr\/T2UARC01.html<\/a><\/p>\n<p>Master <a href=\"https:\/\/www.programmes.uliege.be\/cocoon\/formations\/A2SSUS01.html\">Ing\u00e9nieur civil des constructions<\/a> et<a href=\"https:\/\/www.programmes.uliege.be\/cocoon\/formations\/A2UARC01.html\"> Ing\u00e9nieur civil architecte<\/a> avec une finalit\u00e9 sp\u00e9cialis\u00e9e en g\u00e9nie urbain<br \/>\n<a href=\"https:\/\/www.programmes.uliege.be\/cocoon\/formations\/bref\/A2SSUS01.html\">https:\/\/www.programmes.uliege.be\/cocoon\/formations\/bref\/A2SSUS01.html<\/a><\/p>\n<p>Master en sciences g\u00e9ographiques, orientation g\u00e9n\u00e9rale, finalit\u00e9 sp\u00e9cialis\u00e9e en d\u00e9veloppement territorial<br \/>\n<a href=\"http:\/\/www.geographie.ulg.ac.be\/uploads\/horaires\/MASTER%20GEO%201617_DVT.pdf\">http:\/\/www.geographie.ulg.ac.be\/uploads\/horaires\/MASTER%20GEO%201617_DVT.pdf<\/a><\/p>\n<p>Master en Sciences g\u00e9ographiques, orientation g\u00e9omatique et g\u00e9om\u00e9trologie<br \/>\n<a href=\"https:\/\/www.programmes.uliege.be\/cocoon\/programmes\/S2UMET01_C.html\">https:\/\/www.programmes.uliege.be\/cocoon\/programmes\/S2UMET01_C.html<\/a><\/p>\n<p>Master architecte paysagiste, finalit\u00e9 en Domaine Habiter<br \/>\n<a href=\"https:\/\/www.programmes.uliege.be\/cocoon\/programmes\/R2UARC01_B.html\">https:\/\/www.programmes.uliege.be\/cocoon\/programmes\/R2UARC01_B.html<\/a><\/p>\n<p><strong>UMons<\/strong><\/p>\n<p>Master en Architecture, \u00e0 finalit\u00e9 sp\u00e9cialis\u00e9e en Urbanisme<br \/>\n<a href=\"https:\/\/web.umons.ac.be\/fau\/fr\/formations\/master-en-architecture-finalite-urbanisme\/\">https:\/\/web.umons.ac.be\/fau\/fr\/formations\/master-en-architecture-finalite-urbanisme\/<\/a><\/p>\n<h3><u>Autres formations<\/u><\/h3>\n<p>Certificat universitaire en gouvernance des territoires\u00a0: \u00e9laboration et pilotage de projets.<br \/>\n<a href=\"https:\/\/uclouvain.be\/fr\/etudier\/iufc\/gouvernance-des-territoires-gestion-et-pilotage-de-projets.html\">https:\/\/uclouvain.be\/fr\/etudier\/iufc\/gouvernance-des-territoires-gestion-et-pilotage-de-projets.html<\/a><\/p>\n<p>Certificat en prospective<br \/>\n<a href=\"https:\/\/web.umons.ac.be\/charleroi\/2017\/11\/17\/nouveau-certificat-en-prospective-a-charleroi\/\">https:\/\/web.umons.ac.be\/charleroi\/2017\/11\/17\/nouveau-certificat-en-prospective-a-charleroi\/<\/a><\/p>\n<p>Certificat interuniversitaire en analyse prospective<br \/>\n<a href=\"https:\/\/uclouvain.be\/fr\/etudier\/iufc\/analyse-prospective.html\">https:\/\/uclouvain.be\/fr\/etudier\/iufc\/analyse-prospective.html<\/a><\/p>\n<p>Executive Master Immobilier<br \/>\n<a href=\"http:\/\/www.executive-master-immobilier.be\/\">http:\/\/www.executive-master-immobilier.be\/<\/a><\/p>\n<p>Executive Programme en Immobilier<br \/>\n<a href=\"http:\/\/exed.solvay.edu\/fr\/11-program\/26-executive-programme-en-immobilier\">http:\/\/exed.solvay.edu\/fr\/11-program\/26-executive-programme-en-immobilier<\/a><\/p>\n<p>&nbsp;<\/p>\n","protected":false},"excerpt":{"rendered":"<div class=\"post-excerpt\">Diff\u00e9rentes formations permettent d\u2019acc\u00e9der au m\u00e9tier d\u2019urbaniste en Belgique francophone. Formation sp\u00e9cifiquement d\u00e9di\u00e9e \u00e0 l\u2019urbanisme (master ou master de sp\u00e9cialisation) ULB Master de sp\u00e9cialisation, Urbanisme de la transition http:\/\/archi.ulb.ac.be\/etudes\/apres-les-etudes\/master-de-specialisation UCL&hellip;<\/div>\n","protected":false},"author":1,"featured_media":0,"parent":0,"menu_order":0,"comment_status":"closed","ping_status":"closed","template":"","meta":{"footnotes":""},"_links":{"self":[{"href":"https:\/\/urbanistes.be\/cub\/wp-json\/wp\/v2\/pages\/1915"}],"collection":[{"href":"https:\/\/urbanistes.be\/cub\/wp-json\/wp\/v2\/pages"}],"about":[{"href":"https:\/\/urbanistes.be\/cub\/wp-json\/wp\/v2\/types\/page"}],"author":[{"embeddable":true,"href":"https:\/\/urbanistes.be\/cub\/wp-json\/wp\/v2\/users\/1"}],"replies":[{"embeddable":true,"href":"https:\/\/urbanistes.be\/cub\/wp-json\/wp\/v2\/comments?post=1915"}],"version-history":[{"count":1,"href":"https:\/\/urbanistes.be\/cub\/wp-json\/wp\/v2\/pages\/1915\/revisions"}],"predecessor-version":[{"id":1916,"href":"https:\/\/urbanistes.be\/cub\/wp-json\/wp\/v2\/pages\/1915\/revisions\/1916"}],"wp:attachment":[{"href":"https:\/\/urbanistes.be\/cub\/wp-json\/wp\/v2\/media?parent=1915"}],"curies":[{"name":"wp","href":"https:\/\/api.w.org\/{rel}","templated":true}]}}