{"id":189,"date":"2016-10-31T19:10:28","date_gmt":"2016-10-31T18:10:28","guid":{"rendered":"http:\/\/urbanistes.be\/cub\/?page_id=189"},"modified":"2024-05-21T15:15:01","modified_gmt":"2024-05-21T13:15:01","slug":"pv-des-ag","status":"publish","type":"page","link":"https:\/\/urbanistes.be\/cub\/membres\/espace-membres\/activites\/pv-des-ag\/","title":{"rendered":"PV des AG"},"content":{"rendered":"<div class=\"members-access-error\">D\u00e9sol\u00e9, vous n&#8217;\u00eates pas autoris\u00e9 \u00e0 voir ce contenu.<\/div>\n","protected":false},"excerpt":{"rendered":"<div class=\"members-access-error\">D\u00e9sol\u00e9, vous n&#8217;\u00eates pas autoris\u00e9 \u00e0 voir ce contenu.<\/div>\n","protected":false},"author":1,"featured_media":0,"parent":158,"menu_order":0,"comment_status":"closed","ping_status":"closed","template":"","meta":{"footnotes":""},"_links":{"self":[{"href":"https:\/\/urbanistes.be\/cub\/wp-json\/wp\/v2\/pages\/189"}],"collection":[{"href":"https:\/\/urbanistes.be\/cub\/wp-json\/wp\/v2\/pages"}],"about":[{"href":"https:\/\/urbanistes.be\/cub\/wp-json\/wp\/v2\/types\/page"}],"author":[{"embeddable":true,"href":"https:\/\/urbanistes.be\/cub\/wp-json\/wp\/v2\/users\/1"}],"replies":[{"embeddable":true,"href":"https:\/\/urbanistes.be\/cub\/wp-json\/wp\/v2\/comments?post=189"}],"version-history":[{"count":19,"href":"https:\/\/urbanistes.be\/cub\/wp-json\/wp\/v2\/pages\/189\/revisions"}],"predecessor-version":[{"id":2956,"href":"https:\/\/urbanistes.be\/cub\/wp-json\/wp\/v2\/pages\/189\/revisions\/2956"}],"up":[{"embeddable":true,"href":"https:\/\/urbanistes.be\/cub\/wp-json\/wp\/v2\/pages\/158"}],"wp:attachment":[{"href":"https:\/\/urbanistes.be\/cub\/wp-json\/wp\/v2\/media?parent=189"}],"curies":[{"name":"wp","href":"https:\/\/api.w.org\/{rel}","templated":true}]}}