{"id":179,"date":"2016-10-31T19:05:38","date_gmt":"2016-10-31T18:05:38","guid":{"rendered":"http:\/\/urbanistes.be\/cub\/?page_id=179"},"modified":"2021-01-22T15:26:43","modified_gmt":"2021-01-22T14:26:43","slug":"avis-sur-le-codt","status":"publish","type":"page","link":"https:\/\/urbanistes.be\/cub\/membres\/espace-membres\/publications\/avis-sur-le-codt\/","title":{"rendered":"Avis sur le CoDT"},"content":{"rendered":"<div class=\"members-access-error\">D\u00e9sol\u00e9, vous n&#8217;\u00eates pas autoris\u00e9 \u00e0 voir ce contenu.<\/div>\n","protected":false},"excerpt":{"rendered":"<div class=\"members-access-error\">D\u00e9sol\u00e9, vous n&#8217;\u00eates pas autoris\u00e9 \u00e0 voir ce contenu.<\/div>\n","protected":false},"author":158,"featured_media":0,"parent":156,"menu_order":0,"comment_status":"closed","ping_status":"closed","template":"","meta":{"footnotes":""},"_links":{"self":[{"href":"https:\/\/urbanistes.be\/cub\/wp-json\/wp\/v2\/pages\/179"}],"collection":[{"href":"https:\/\/urbanistes.be\/cub\/wp-json\/wp\/v2\/pages"}],"about":[{"href":"https:\/\/urbanistes.be\/cub\/wp-json\/wp\/v2\/types\/page"}],"author":[{"embeddable":true,"href":"https:\/\/urbanistes.be\/cub\/wp-json\/wp\/v2\/users\/158"}],"replies":[{"embeddable":true,"href":"https:\/\/urbanistes.be\/cub\/wp-json\/wp\/v2\/comments?post=179"}],"version-history":[{"count":5,"href":"https:\/\/urbanistes.be\/cub\/wp-json\/wp\/v2\/pages\/179\/revisions"}],"predecessor-version":[{"id":2513,"href":"https:\/\/urbanistes.be\/cub\/wp-json\/wp\/v2\/pages\/179\/revisions\/2513"}],"up":[{"embeddable":true,"href":"https:\/\/urbanistes.be\/cub\/wp-json\/wp\/v2\/pages\/156"}],"wp:attachment":[{"href":"https:\/\/urbanistes.be\/cub\/wp-json\/wp\/v2\/media?parent=179"}],"curies":[{"name":"wp","href":"https:\/\/api.w.org\/{rel}","templated":true}]}}