{"id":171,"date":"2016-10-31T18:58:10","date_gmt":"2016-10-31T17:58:10","guid":{"rendered":"http:\/\/urbanistes.be\/cub\/?page_id=171"},"modified":"2021-01-22T15:25:29","modified_gmt":"2021-01-22T14:25:29","slug":"livre-blanc-marches-publics","status":"publish","type":"page","link":"https:\/\/urbanistes.be\/cub\/membres\/espace-membres\/publications\/livre-blanc-marches-publics\/","title":{"rendered":"Livre blanc March\u00e9s publics"},"content":{"rendered":"<div class=\"members-access-error\">D\u00e9sol\u00e9, vous n&#8217;\u00eates pas autoris\u00e9 \u00e0 voir ce contenu.<\/div>\n","protected":false},"excerpt":{"rendered":"<div class=\"members-access-error\">D\u00e9sol\u00e9, vous n&#8217;\u00eates pas autoris\u00e9 \u00e0 voir ce contenu.<\/div>\n","protected":false},"author":1,"featured_media":0,"parent":156,"menu_order":0,"comment_status":"closed","ping_status":"closed","template":"","meta":{"footnotes":""},"_links":{"self":[{"href":"https:\/\/urbanistes.be\/cub\/wp-json\/wp\/v2\/pages\/171"}],"collection":[{"href":"https:\/\/urbanistes.be\/cub\/wp-json\/wp\/v2\/pages"}],"about":[{"href":"https:\/\/urbanistes.be\/cub\/wp-json\/wp\/v2\/types\/page"}],"author":[{"embeddable":true,"href":"https:\/\/urbanistes.be\/cub\/wp-json\/wp\/v2\/users\/1"}],"replies":[{"embeddable":true,"href":"https:\/\/urbanistes.be\/cub\/wp-json\/wp\/v2\/comments?post=171"}],"version-history":[{"count":3,"href":"https:\/\/urbanistes.be\/cub\/wp-json\/wp\/v2\/pages\/171\/revisions"}],"predecessor-version":[{"id":2510,"href":"https:\/\/urbanistes.be\/cub\/wp-json\/wp\/v2\/pages\/171\/revisions\/2510"}],"up":[{"embeddable":true,"href":"https:\/\/urbanistes.be\/cub\/wp-json\/wp\/v2\/pages\/156"}],"wp:attachment":[{"href":"https:\/\/urbanistes.be\/cub\/wp-json\/wp\/v2\/media?parent=171"}],"curies":[{"name":"wp","href":"https:\/\/api.w.org\/{rel}","templated":true}]}}