{"id":11,"date":"2016-10-30T19:04:44","date_gmt":"2016-10-30T18:04:44","guid":{"rendered":"http:\/\/urbanistes.be\/cub\/?page_id=11"},"modified":"2021-01-22T15:24:58","modified_gmt":"2021-01-22T14:24:58","slug":"documents-statutaires","status":"publish","type":"page","link":"https:\/\/urbanistes.be\/cub\/documents-statutaires\/","title":{"rendered":"Documents statutaires"},"content":{"rendered":"<p><a href=\"https:\/\/urbanistes.be\/cub\/wp-content\/uploads\/2016\/10\/CUB_Statuts_2017_Modifications_CD.pdf\" target=\"_blank\" rel=\"noopener\">Statuts CUB &#8211; Modification du Conseil de Direction &#8211; Suivant AG du 22 f\u00e9vrier 2017<\/a><\/p>\n<p>Modification des statuts suivant AG du 24 f\u00e9vrier 2016 et AG du 16 mars 2016<\/p>\n<p><a href=\"https:\/\/urbanistes.be\/wp-content\/docs\/CUB_Code_D%C3%A9ontologie_V_Site_Internet.pdf\" target=\"_blank\" rel=\"noopener\">D\u00e9ontologie des urbanistes<\/a><\/p>\n<p>Texte arr\u00eat\u00e9 par l\u2019Assembl\u00e9e g\u00e9n\u00e9rale de la Chambre des Urbanistes de Belgique du 24.02.2016<\/p>\n<p><a href=\"https:\/\/urbanistes.be\/wp-content\/docs\/CUB_ROI%2027.02.2015_V_Site_Internet.pdf\" target=\"_blank\" rel=\"noopener\">R\u00e8glement d&#8217;Ordre Int\u00e9rieur &#8211; AG 25-02-2015<\/a><\/p>\n<p>Texte arr\u00eat\u00e9 par l\u2019Assembl\u00e9e g\u00e9n\u00e9rale de la Chambre des Urbanistes de Belgique du 25.02.2015<\/p>\n","protected":false},"excerpt":{"rendered":"<div class=\"post-excerpt\">Statuts CUB &#8211; Modification du Conseil de Direction &#8211; Suivant AG du 22 f\u00e9vrier 2017 Modification des statuts suivant AG du 24 f\u00e9vrier 2016 et AG du 16 mars 2016&hellip;<\/div>\n","protected":false},"author":1,"featured_media":0,"parent":0,"menu_order":0,"comment_status":"closed","ping_status":"closed","template":"","meta":{"footnotes":""},"_links":{"self":[{"href":"https:\/\/urbanistes.be\/cub\/wp-json\/wp\/v2\/pages\/11"}],"collection":[{"href":"https:\/\/urbanistes.be\/cub\/wp-json\/wp\/v2\/pages"}],"about":[{"href":"https:\/\/urbanistes.be\/cub\/wp-json\/wp\/v2\/types\/page"}],"author":[{"embeddable":true,"href":"https:\/\/urbanistes.be\/cub\/wp-json\/wp\/v2\/users\/1"}],"replies":[{"embeddable":true,"href":"https:\/\/urbanistes.be\/cub\/wp-json\/wp\/v2\/comments?post=11"}],"version-history":[{"count":9,"href":"https:\/\/urbanistes.be\/cub\/wp-json\/wp\/v2\/pages\/11\/revisions"}],"predecessor-version":[{"id":2509,"href":"https:\/\/urbanistes.be\/cub\/wp-json\/wp\/v2\/pages\/11\/revisions\/2509"}],"wp:attachment":[{"href":"https:\/\/urbanistes.be\/cub\/wp-json\/wp\/v2\/media?parent=11"}],"curies":[{"name":"wp","href":"https:\/\/api.w.org\/{rel}","templated":true}]}}